{"id":230623,"date":"2019-04-04T15:25:18","date_gmt":"2019-04-04T20:25:18","guid":{"rendered":"https:\/\/paragonfilmstg.wpenginepowered.com\/como-elegir\/"},"modified":"2026-01-02T13:06:21","modified_gmt":"2026-01-02T19:06:21","slug":"como-elegir","status":"publish","type":"page","link":"https:\/\/www.paragonfilms.com\/es\/como-elegir\/","title":{"rendered":"C\u00f3mo elegir"},"content":{"rendered":"<p>[et_pb_section fb_built=\u00bb1&#8243; _builder_version=\u00bb4.16&#8243; custom_padding=\u00bb||\u00bb global_colors_info=\u00bb{}\u00bb][et_pb_row _builder_version=\u00bb4.20.2&#8243; background_enable_video_mp4=\u00bboff\u00bb global_colors_info=\u00bb{}\u00bb][et_pb_column type=\u00bb4_4&#8243; _builder_version=\u00bb4.16&#8243; custom_padding=\u00bb|||\u00bb global_colors_info=\u00bb{}\u00bb custom_padding__hover=\u00bb|||\u00bb][et_pb_text _builder_version=\u00bb4.16&#8243; global_colors_info=\u00bb{}\u00bb]<\/p>\n<h2>C\u00f3mo elegir el film estirable adecuado<\/h2>\n<p>[\/et_pb_text][\/et_pb_column][\/et_pb_row][et_pb_row _builder_version=\u00bb4.20.2&#8243; background_enable_video_mp4=\u00bboff\u00bb custom_padding=\u00bb0px||\u00bb global_colors_info=\u00bb{}\u00bb][et_pb_column type=\u00bb4_4&#8243; _builder_version=\u00bb4.16&#8243; custom_padding=\u00bb|||\u00bb global_colors_info=\u00bb{}\u00bb custom_padding__hover=\u00bb|||\u00bb][et_pb_code _builder_version=\u00bb4.25.0&#8243; global_colors_info=\u00bb{}\u00bb]<\/p>\n<div class=\"howtochoose-container\"><!-- [et_pb_line_break_holder] -->  <!-- [et_pb_line_break_holder] -->  <\/p>\n<div class=\"htc-image\"><!-- [et_pb_line_break_holder] -->  \t<img decoding=\"async\" src=\"https:\/\/www.paragonfilms.com\/wp-content\/uploads\/2019\/07\/step1.png\" alt=\"Paso 1\"><!-- [et_pb_line_break_holder] -->  <\/div>\n<p><!-- [et_pb_line_break_holder] -->\t<\/p>\n<div class=\"htc-text\"><!-- [et_pb_line_break_holder] -->    <pee><b>Cargas de tipo A<\/b> De forma uniforme. El tama\u00f1o de la carga coincide estrechamente con el tama\u00f1o del pal\u00e9. Estas son las cargas m\u00e1s f\u00e1ciles de envolver. Existen pocos puntos de punci\u00f3n de la pel\u00edcula. Este tipo de carga se observa a menudo en lugares de fabricaci\u00f3n donde se prepara el mismo producto para la carga de env\u00edo tras carga.    <\/pee><!-- [et_pb_line_break_holder] -->    <pee><b>Cargas de tipo B<\/b> Menos uniformes que las cargas de tipo \u201cA\u201d. El patr\u00f3n de apilamiento puede ser irregular y\/o el tama\u00f1o de la carga puede no coincidir con el tama\u00f1o del pal\u00e9. Existen varios puntos de punci\u00f3n de la pel\u00edcula (se requiere m\u00e1s criterio de selecci\u00f3n de la pel\u00edcula). Elegir el tipo de pel\u00edcula correcto es fundamental, especialmente con altos niveles de estiramiento de la pel\u00edcula y\/o alta tensi\u00f3n de aplicaci\u00f3n de la pel\u00edcula. Las cargas de tipo \u201cB\u201d aparecen en lugares de fabricaci\u00f3n m\u00e1s peque\u00f1os y en almacenes de distribuci\u00f3n. Cada pal\u00e9 contiene dos o tres productos destinados a un \u00fanico destino.     <\/pee><!-- [et_pb_line_break_holder] -->    <pee><b>Cargas de tipo C<\/b> No hay dos cargas iguales. Su tama\u00f1o y forma suelen ser todos diferentes. Los puntos afilados parecen estar en todas partes y\/o existe una gran diferencia entre la carga y el tama\u00f1o del pal\u00e9. La selecci\u00f3n de la pel\u00edcula es fundamental. Las cargas de tipo \u201cC\u201d se ensamblan en los centros de distribuci\u00f3n que abastecen a las tiendas minoristas (es decir, supermercados, farmacias, tiendas de mascotas, automoci\u00f3n). Cada carga puede contener docenas de productos diferentes.     <\/pee><!-- [et_pb_line_break_holder] -->  <\/div>\n<p><!-- [et_pb_line_break_holder] -->  <!-- [et_pb_line_break_holder] -->\t<\/p>\n<div class=\"htc-image\"><!-- [et_pb_line_break_holder] -->    <img decoding=\"async\" src=\"https:\/\/www.paragonfilms.com\/wp-content\/uploads\/2019\/07\/step2.png\" alt=\"Paso 2\"><!-- [et_pb_line_break_holder] -->  <\/div>\n<p>  <!-- [et_pb_line_break_holder] -->  <\/p>\n<div class=\"htc-text\"><!-- [et_pb_line_break_holder] -->    <pee>El film estirable generalmente debe usarse cuando las cargas var\u00edan en configuraci\u00f3n. Las envolvedoras estirables autom\u00e1ticas de alta velocidad equipadas con preestiramiento generalmente requieren un grado superior de film estirable. Los films estirables econ\u00f3micos se pueden utilizar para un estiramiento bajo en equipos convencionales. Se necesita un film estirable de gama media para equipos de preestiramiento que operan a niveles moderados.   <\/pee><!-- [et_pb_line_break_holder] -->  <\/div>\n<p><!-- [et_pb_line_break_holder] -->  <!-- [et_pb_line_break_holder] -->  <\/p>\n<div class=\"htc-image\"><!-- [et_pb_line_break_holder] -->    <img decoding=\"async\" src=\"https:\/\/www.paragonfilms.com\/wp-content\/uploads\/2019\/04\/step3.png\" alt=\"Paso 3\"><!-- [et_pb_line_break_holder] -->  <\/div>\n<p><!-- [et_pb_line_break_holder] -->  <\/p>\n<div class=\"htc-text\"><!-- [et_pb_line_break_holder] -->    <pee>El peso de la carga del pal\u00e9 y el tipo de producto que se envuelve deben tenerse en cuenta al seleccionar el tipo de pel\u00edcula, el calibre y el n\u00famero de envolturas.<\/pee><!-- [et_pb_line_break_holder] -->  <\/div>\n<p><!-- [et_pb_line_break_holder] -->  <!-- [et_pb_line_break_holder] -->  <\/p>\n<div class=\"htc-image\"><!-- [et_pb_line_break_holder] -->    <img decoding=\"async\" src=\"https:\/\/www.paragonfilms.com\/wp-content\/uploads\/2019\/04\/step4.png\" alt=\"Paso 4\"><!-- [et_pb_line_break_holder] -->  <\/div>\n<p><!-- [et_pb_line_break_holder] -->  <\/p>\n<div class=\"htc-text\"><!-- [et_pb_line_break_holder] -->    <pee>Algunos usuarios finales tienen necesidades de requisitos especiales, como deslizamiento unilateral o protecci\u00f3n UVI. Se puede usar un deslizamiento unilateral para agrupar o en una carga de pal\u00e9 que puede moverse en tr\u00e1nsito. Los productos que se almacenan en el exterior durante largos per\u00edodos de tiempo pueden requerir una pel\u00edcula UVI (inhibidor de ultravioleta).  <\/pee><!-- [et_pb_line_break_holder] -->  <\/div>\n<p><!-- [et_pb_line_break_holder] -->  <!-- [et_pb_line_break_holder] -->  <\/p>\n<div class=\"htc-image\"><!-- [et_pb_line_break_holder] -->    <img decoding=\"async\" src=\"https:\/\/www.paragonfilms.com\/wp-content\/uploads\/2019\/04\/step5.png\" alt=\"Paso 5\"><!-- [et_pb_line_break_holder] -->  <\/div>\n<p><!-- [et_pb_line_break_holder] -->  <\/p>\n<div class=\"htc-text\"><!-- [et_pb_line_break_holder] -->    <pee>La distancia y el m\u00e9todo de env\u00edo son consideraciones importantes. Los viajes de larga distancia requieren una pel\u00edcula de alto rendimiento para una mayor seguridad de la carga. <\/pee><!-- [et_pb_line_break_holder] -->  <\/div>\n<p><!-- [et_pb_line_break_holder] -->  <!-- [et_pb_line_break_holder] --><\/div>\n<p>[\/et_pb_code][\/et_pb_column][\/et_pb_row][\/et_pb_section][et_pb_section fb_built=\u00bb1&#8243; disabled_on=\u00bbon|off|off\u00bb admin_label=\u00bbVideo section &#8211; DESKTOP\u00bb _builder_version=\u00bb4.25.2&#8243; background_color=\u00bbRGBA(255,255,255,0)\u00bb background_enable_image=\u00bboff\u00bb background_position=\u00bbcenter_left\u00bb custom_padding=\u00bb0px||||false|false\u00bb global_colors_info=\u00bb{}\u00bb][et_pb_row _builder_version=\u00bb4.25.2&#8243; _module_preset=\u00bbdefault\u00bb background_enable_image=\u00bboff\u00bb background_enable_video_mp4=\u00bboff\u00bb global_colors_info=\u00bb{}\u00bb][et_pb_column type=\u00bb4_4&#8243; _builder_version=\u00bb4.25.2&#8243; _module_preset=\u00bbdefault\u00bb global_colors_info=\u00bb{}\u00bb][et_pb_video src=\u00bbhttps:\/\/vimeo.com\/1062047105&#8243; image_src=\u00bbhttps:\/\/www.paragonfilms.com\/wp-content\/uploads\/Video-Overlay-New.jpg\u00bb _builder_version=\u00bb4.25.2&#8243; _module_preset=\u00bbdefault\u00bb global_colors_info=\u00bb{}\u00bb][\/et_pb_video][et_pb_text admin_label=\u00bbSales Rep HubSpot CTA\u00bb _builder_version=\u00bb4.25.2&#8243; text_text_color=\u00bb#FFFFFF\u00bb header_font=\u00bb|600|||||||\u00bb background_color=\u00bbRGBA(255,255,255,0)\u00bb text_orientation=\u00bbcenter\u00bb custom_padding=\u00bb200px||||false|false\u00bb global_colors_info=\u00bb{}\u00bb disabled_on=\u00bbon|on|on\u00bb disabled=\u00bbon\u00bb]<\/p>\n<div class=\"hs-cta-embed hs-cta-simple-placeholder hs-cta-embed-186862916921\" style=\"max-width:100%; max-height:100%; width:277px;height:50.399993896484375px\" data-hubspot-wrapper-cta-id=\"186862916921\">\n  <a href=\"https:\/\/cta-service-cms2.hubspot.com\/web-interactives\/public\/v1\/track\/redirect?encryptedPayload=AVxigLLcL%2BsjRX6eqrlqVp60rSiQhFjgkfoBIhZklSULad5Wt3xWkTTumk48VDWGxRmyuLvVaj%2B8VlIp8SQj7tE17ftXQ%2FP8QuiyjHf976UKPlP6%2FxndDNNmySzmFTyHCs%2FSI7dmqiBz%2BwKxvBvqtmh29P1CEpdahEaHl6fqc%2FiLy7iSiOnTLG0eJccJrgADLBmeK2dnAxXOPQ%3D%3D&amp;webInteractiveContentId=186862916921&amp;portalId=205892\" target=\"_blank\" rel=\"noopener\" crossorigin=\"anonymous\"><br \/>\n    <img decoding=\"async\" alt=\"ENCUENTRE A SU REPRESENTANTE DE VENTAS\" loading=\"lazy\" src=\"https:\/\/no-cache.hubspot.com\/cta\/default\/205892\/interactive-186862916921.png\" style=\"height: 100%; width: 100%; object-fit: fill\" onerror=\"this.style.display='none'\"><br \/>\n  <\/a>\n<\/div>\n<p>[\/et_pb_text][\/et_pb_column][\/et_pb_row][\/et_pb_section][et_pb_section fb_built=\u00bb1&#8243; disabled_on=\u00bboff|on|on\u00bb admin_label=\u00bbVideo section &#8211; MOBILE\u00bb module_id=\u00bbparagon-video\u00bb _builder_version=\u00bb4.25.2&#8243; background_color=\u00bb#FFFFFF\u00bb background_enable_image=\u00bboff\u00bb background_position=\u00bbcenter_left\u00bb global_colors_info=\u00bb{}\u00bb][et_pb_row admin_label=\u00bbVIDEO &#8211; CEO M\u00d3VIL\u00bb _builder_version=\u00bb4.25.2&#8243; _module_preset=\u00bbdefault\u00bb background_enable_video_mp4=\u00bboff\u00bb global_colors_info=\u00bb{}\u00bb][et_pb_column type=\u00bb4_4&#8243; _builder_version=\u00bb4.25.2&#8243; _module_preset=\u00bbdefault\u00bb global_colors_info=\u00bb{}\u00bb][et_pb_text admin_label=\u00bbSales Rep HubSpot CTA\u00bb _builder_version=\u00bb4.25.2&#8243; text_text_color=\u00bb#FFFFFF\u00bb header_font=\u00bb|600|||||||\u00bb background_color=\u00bb#15a7e0&#8243; global_colors_info=\u00bb{}\u00bb disabled_on=\u00bbon|on|on\u00bb disabled=\u00bbon\u00bb]<\/p>\n<div class=\"hs-cta-embed hs-cta-simple-placeholder hs-cta-embed-186862916921\" style=\"max-width:100%; padding-left: 35px;\" data-hubspot-wrapper-cta-id=\"186862916921\">\n  <a href=\"https:\/\/cta-service-cms2.hubspot.com\/web-interactives\/public\/v1\/track\/redirect?encryptedPayload=AVxigLLcL%2BsjRX6eqrlqVp60rSiQhFjgkfoBIhZklSULad5Wt3xWkTTumk48VDWGxRmyuLvVaj%2B8VlIp8SQj7tE17ftXQ%2FP8QuiyjHf976UKPlP6%2FxndDNNmySzmFTyHCs%2FSI7dmqiBz%2BwKxvBvqtmh29P1CEpdahEaHl6fqc%2FiLy7iSiOnTLG0eJccJrgADLBmeK2dnAxXOPQ%3D%3D&amp;webInteractiveContentId=186862916921&amp;portalId=205892\" target=\"_blank\" rel=\"noopener\" crossorigin=\"anonymous\"><br \/>\n    <img decoding=\"async\" alt=\"ENCUENTRE A SU REPRESENTANTE DE VENTAS\" loading=\"lazy\" src=\"https:\/\/no-cache.hubspot.com\/cta\/default\/205892\/interactive-186862916921.png\" style=\"width: 100%;\" onerror=\"this.style.display='none'\"><br \/>\n  <\/a>\n<\/div>\n<p>[\/et_pb_text][et_pb_video src=\u00bbhttps:\/\/vimeo.com\/1062047105&#8243; image_src=\u00bbhttps:\/\/www.paragonfilms.com\/wp-content\/uploads\/Video-Overlay-New.jpg\u00bb _builder_version=\u00bb4.25.2&#8243; _module_preset=\u00bbdefault\u00bb global_colors_info=\u00bb{}\u00bb][\/et_pb_video][\/et_pb_column][\/et_pb_row][\/et_pb_section][et_pb_section fb_built=\u00bb1&#8243; fullwidth=\u00bbon\u00bb module_class=\u00bbfindyour-container\u00bb _builder_version=\u00bb4.16&#8243; saved_tabs=\u00bball\u00bb global_colors_info=\u00bb{}\u00bb][et_pb_fullwidth_code _builder_version=\u00bb4.16&#8243; hover_enabled=\u00bb0&#8243; global_colors_info=\u00bb{}\u00bb sticky_enabled=\u00bb0&#8243;]<\/p>\n<div class=\"findyour\"><!-- [et_pb_line_break_holder] -->  <!-- [et_pb_line_break_holder] -->  <\/p>\n<div class=\"fy-distributor\"><!-- [et_pb_line_break_holder] -->    <\/p>\n<div class=\"cbutton\"><!-- [et_pb_line_break_holder] -->      <a href=\"https:\/\/www.paragonfilms.com\/find-your-distributor\/\">Encuentre a su representante de ventas<\/a><!-- [et_pb_line_break_holder] -->      <\/p>\n<div class=\"big\"><\/div>\n<p><!-- [et_pb_line_break_holder] -->      <\/p>\n<div class=\"small\"><\/div>\n<p><!-- [et_pb_line_break_holder] -->    <\/div>\n<p><!-- [et_pb_line_break_holder] -->  <\/div>\n<p><!-- [et_pb_line_break_holder] -->  <!-- [et_pb_line_break_holder] --> <\/div>\n<p>[\/et_pb_fullwidth_code][\/et_pb_section]<\/p>\n","protected":false},"excerpt":{"rendered":"<p>C\u00f3mo elegir el film estirable adecuado<\/p>\n","protected":false},"author":1,"featured_media":0,"parent":0,"menu_order":0,"comment_status":"closed","ping_status":"closed","template":"","meta":{"_et_pb_use_builder":"on","_et_pb_old_content":"","_et_gb_content_width":"","content-type":"","footnotes":""},"class_list":["post-230623","page","type-page","status-publish","hentry"],"yoast_head":"<!-- This site is optimized with the Yoast SEO plugin v26.9 - https:\/\/yoast.com\/product\/yoast-seo-wordpress\/ -->\n<title>C\u00f3mo elegir - Paragon Films<\/title>\n<meta name=\"robots\" content=\"index, follow, max-snippet:-1, max-image-preview:large, max-video-preview:-1\" \/>\n<link rel=\"canonical\" href=\"https:\/\/www.paragonfilms.com\/es\/como-elegir\/\" \/>\n<meta property=\"og:locale\" content=\"es_ES\" \/>\n<meta property=\"og:type\" content=\"article\" \/>\n<meta property=\"og:title\" content=\"C\u00f3mo elegir - Paragon Films\" \/>\n<meta property=\"og:description\" content=\"C\u00f3mo elegir el film estirable adecuado\" \/>\n<meta property=\"og:url\" content=\"https:\/\/www.paragonfilms.com\/es\/como-elegir\/\" \/>\n<meta property=\"og:site_name\" content=\"Paragon Films\" \/>\n<meta property=\"article:modified_time\" content=\"2026-01-02T19:06:21+00:00\" \/>\n<meta property=\"og:image\" content=\"https:\/\/www.paragonfilms.com\/wp-content\/uploads\/2019\/07\/step1.png\" \/>\n<meta name=\"twitter:card\" content=\"summary_large_image\" \/>\n<meta name=\"twitter:label1\" content=\"Tiempo de lectura\" \/>\n\t<meta name=\"twitter:data1\" content=\"5 minutos\" \/>\n<script type=\"application\/ld+json\" class=\"yoast-schema-graph\">{\"@context\":\"https:\/\/schema.org\",\"@graph\":[{\"@type\":\"WebPage\",\"@id\":\"https:\/\/www.paragonfilms.com\/es\/como-elegir\/\",\"url\":\"https:\/\/www.paragonfilms.com\/es\/como-elegir\/\",\"name\":\"C\u00f3mo elegir - Paragon Films\",\"isPartOf\":{\"@id\":\"https:\/\/www.paragonfilms.com\/es\/#website\"},\"primaryImageOfPage\":{\"@id\":\"https:\/\/www.paragonfilms.com\/es\/como-elegir\/#primaryimage\"},\"image\":{\"@id\":\"https:\/\/www.paragonfilms.com\/es\/como-elegir\/#primaryimage\"},\"thumbnailUrl\":\"https:\/\/www.paragonfilms.com\/wp-content\/uploads\/2019\/07\/step1.png\",\"datePublished\":\"2019-04-04T20:25:18+00:00\",\"dateModified\":\"2026-01-02T19:06:21+00:00\",\"breadcrumb\":{\"@id\":\"https:\/\/www.paragonfilms.com\/es\/como-elegir\/#breadcrumb\"},\"inLanguage\":\"es\",\"potentialAction\":[{\"@type\":\"ReadAction\",\"target\":[\"https:\/\/www.paragonfilms.com\/es\/como-elegir\/\"]}]},{\"@type\":\"ImageObject\",\"inLanguage\":\"es\",\"@id\":\"https:\/\/www.paragonfilms.com\/es\/como-elegir\/#primaryimage\",\"url\":\"https:\/\/www.paragonfilms.com\/wp-content\/uploads\/2019\/07\/step1.png\",\"contentUrl\":\"https:\/\/www.paragonfilms.com\/wp-content\/uploads\/2019\/07\/step1.png\"},{\"@type\":\"BreadcrumbList\",\"@id\":\"https:\/\/www.paragonfilms.com\/es\/como-elegir\/#breadcrumb\",\"itemListElement\":[{\"@type\":\"ListItem\",\"position\":1,\"name\":\"Home\",\"item\":\"https:\/\/www.paragonfilms.com\/es\/\"},{\"@type\":\"ListItem\",\"position\":2,\"name\":\"C\u00f3mo elegir\"}]},{\"@type\":\"WebSite\",\"@id\":\"https:\/\/www.paragonfilms.com\/es\/#website\",\"url\":\"https:\/\/www.paragonfilms.com\/es\/\",\"name\":\"Paragon Films\",\"description\":\"Destination Secured.\",\"potentialAction\":[{\"@type\":\"SearchAction\",\"target\":{\"@type\":\"EntryPoint\",\"urlTemplate\":\"https:\/\/www.paragonfilms.com\/es\/?s={search_term_string}\"},\"query-input\":{\"@type\":\"PropertyValueSpecification\",\"valueRequired\":true,\"valueName\":\"search_term_string\"}}],\"inLanguage\":\"es\"}]}<\/script>\n<!-- \/ Yoast SEO plugin. -->","yoast_head_json":{"title":"C\u00f3mo elegir - Paragon Films","robots":{"index":"index","follow":"follow","max-snippet":"max-snippet:-1","max-image-preview":"max-image-preview:large","max-video-preview":"max-video-preview:-1"},"canonical":"https:\/\/www.paragonfilms.com\/es\/como-elegir\/","og_locale":"es_ES","og_type":"article","og_title":"C\u00f3mo elegir - Paragon Films","og_description":"C\u00f3mo elegir el film estirable adecuado","og_url":"https:\/\/www.paragonfilms.com\/es\/como-elegir\/","og_site_name":"Paragon Films","article_modified_time":"2026-01-02T19:06:21+00:00","og_image":[{"url":"https:\/\/www.paragonfilms.com\/wp-content\/uploads\/2019\/07\/step1.png","type":"","width":"","height":""}],"twitter_card":"summary_large_image","twitter_misc":{"Tiempo de lectura":"5 minutos"},"schema":{"@context":"https:\/\/schema.org","@graph":[{"@type":"WebPage","@id":"https:\/\/www.paragonfilms.com\/es\/como-elegir\/","url":"https:\/\/www.paragonfilms.com\/es\/como-elegir\/","name":"C\u00f3mo elegir - Paragon Films","isPartOf":{"@id":"https:\/\/www.paragonfilms.com\/es\/#website"},"primaryImageOfPage":{"@id":"https:\/\/www.paragonfilms.com\/es\/como-elegir\/#primaryimage"},"image":{"@id":"https:\/\/www.paragonfilms.com\/es\/como-elegir\/#primaryimage"},"thumbnailUrl":"https:\/\/www.paragonfilms.com\/wp-content\/uploads\/2019\/07\/step1.png","datePublished":"2019-04-04T20:25:18+00:00","dateModified":"2026-01-02T19:06:21+00:00","breadcrumb":{"@id":"https:\/\/www.paragonfilms.com\/es\/como-elegir\/#breadcrumb"},"inLanguage":"es","potentialAction":[{"@type":"ReadAction","target":["https:\/\/www.paragonfilms.com\/es\/como-elegir\/"]}]},{"@type":"ImageObject","inLanguage":"es","@id":"https:\/\/www.paragonfilms.com\/es\/como-elegir\/#primaryimage","url":"https:\/\/www.paragonfilms.com\/wp-content\/uploads\/2019\/07\/step1.png","contentUrl":"https:\/\/www.paragonfilms.com\/wp-content\/uploads\/2019\/07\/step1.png"},{"@type":"BreadcrumbList","@id":"https:\/\/www.paragonfilms.com\/es\/como-elegir\/#breadcrumb","itemListElement":[{"@type":"ListItem","position":1,"name":"Home","item":"https:\/\/www.paragonfilms.com\/es\/"},{"@type":"ListItem","position":2,"name":"C\u00f3mo elegir"}]},{"@type":"WebSite","@id":"https:\/\/www.paragonfilms.com\/es\/#website","url":"https:\/\/www.paragonfilms.com\/es\/","name":"Paragon Films","description":"Destination Secured.","potentialAction":[{"@type":"SearchAction","target":{"@type":"EntryPoint","urlTemplate":"https:\/\/www.paragonfilms.com\/es\/?s={search_term_string}"},"query-input":{"@type":"PropertyValueSpecification","valueRequired":true,"valueName":"search_term_string"}}],"inLanguage":"es"}]}},"_links":{"self":[{"href":"https:\/\/www.paragonfilms.com\/es\/wp-json\/wp\/v2\/pages\/230623","targetHints":{"allow":["GET"]}}],"collection":[{"href":"https:\/\/www.paragonfilms.com\/es\/wp-json\/wp\/v2\/pages"}],"about":[{"href":"https:\/\/www.paragonfilms.com\/es\/wp-json\/wp\/v2\/types\/page"}],"author":[{"embeddable":true,"href":"https:\/\/www.paragonfilms.com\/es\/wp-json\/wp\/v2\/users\/1"}],"replies":[{"embeddable":true,"href":"https:\/\/www.paragonfilms.com\/es\/wp-json\/wp\/v2\/comments?post=230623"}],"version-history":[{"count":0,"href":"https:\/\/www.paragonfilms.com\/es\/wp-json\/wp\/v2\/pages\/230623\/revisions"}],"wp:attachment":[{"href":"https:\/\/www.paragonfilms.com\/es\/wp-json\/wp\/v2\/media?parent=230623"}],"curies":[{"name":"wp","href":"https:\/\/api.w.org\/{rel}","templated":true}]}}