{"id":230632,"date":"2019-04-29T13:17:18","date_gmt":"2019-04-29T18:17:18","guid":{"rendered":"https:\/\/paragonfilmstg.wpenginepowered.com\/acerca-de-nosotros\/"},"modified":"2026-01-02T14:05:57","modified_gmt":"2026-01-02T20:05:57","slug":"acerca-de-nosotros","status":"publish","type":"page","link":"https:\/\/www.paragonfilms.com\/es\/acerca-de-nosotros\/","title":{"rendered":"Acerca de nosotros"},"content":{"rendered":"<p>[et_pb_section fb_built=\u00bb1&#8243; _builder_version=\u00bb4.16&#8243; global_colors_info=\u00bb{}\u00bb][et_pb_row column_structure=\u00bb1_4,3_4&#8243; module_class=\u00bbcenter-vertically\u00bb _builder_version=\u00bb4.16&#8243; global_colors_info=\u00bb{}\u00bb][et_pb_column type=\u00bb1_4&#8243; _builder_version=\u00bb4.16&#8243; custom_padding=\u00bb|||\u00bb global_colors_info=\u00bb{}\u00bb custom_padding__hover=\u00bb|||\u00bb][et_pb_image src=\u00bbhttps:\/\/www.paragonfilms.com\/wp-content\/uploads\/2019\/05\/s4.2-big.png\u00bb align=\u00bbcenter\u00bb align_tablet=\u00bbcenter\u00bb align_phone=\u00bbcenter\u00bb align_last_edited=\u00bbon|desktop\u00bb _builder_version=\u00bb4.16&#8243; global_colors_info=\u00bb{}\u00bb][\/et_pb_image][\/et_pb_column][et_pb_column type=\u00bb3_4&#8243; _builder_version=\u00bb4.16&#8243; custom_padding=\u00bb|||\u00bb global_colors_info=\u00bb{}\u00bb custom_padding__hover=\u00bb|||\u00bb][et_pb_text _builder_version=\u00bb4.16&#8243; global_colors_info=\u00bb{}\u00bb]<\/p>\n<h2>Participaci\u00f3n en la comunidad<\/h2>\n<p>Como empresa, nuestras bendiciones son abundantes. Creemos en compartir esas abundancias a trav\u00e9s de nuestros empleados con nuestras comunidades. Buscamos continuamente formas de retribuir, no solo a nuestros empleados que lo necesitan, sino tambi\u00e9n a aquellos en nuestra comunidad que son menos afortunados. Invertimos en nuestros programas escolares locales, as\u00ed como en otras organizaciones ben\u00e9ficas.   <\/p>\n<p>Nuestro fundador estableci\u00f3 The Paragon Trust for Christ. El fideicomiso proporciona donaciones financieras a organizaciones e individuos necesitados. Nuestros empleados se ofrecen como voluntarios para contribuir y tambi\u00e9n sirven en los comit\u00e9s del fideicomiso y brindan informaci\u00f3n sobre c\u00f3mo se asignan los fondos.  <\/p>\n<div id=\"career-potential\"><\/div>\n<p>[\/et_pb_text][\/et_pb_column][\/et_pb_row][\/et_pb_section][et_pb_section fb_built=\u00bb1&#8243; _builder_version=\u00bb4.16&#8243; background_color=\u00bb#04a6e1&#8243; global_colors_info=\u00bb{}\u00bb][et_pb_row column_structure=\u00bb1_4,3_4&#8243; _builder_version=\u00bb4.16&#8243; custom_padding=\u00bb||0px\u00bb global_colors_info=\u00bb{}\u00bb][et_pb_column type=\u00bb1_4&#8243; _builder_version=\u00bb4.16&#8243; custom_padding=\u00bb|||\u00bb global_colors_info=\u00bb{}\u00bb custom_padding__hover=\u00bb|||\u00bb][et_pb_image src=\u00bbhttps:\/\/www.paragonfilms.com\/wp-content\/uploads\/2019\/05\/s4.3-big.png\u00bb align=\u00bbcenter\u00bb align_tablet=\u00bbcenter\u00bb align_phone=\u00bbcenter\u00bb align_last_edited=\u00bbon|desktop\u00bb _builder_version=\u00bb4.16&#8243; global_colors_info=\u00bb{}\u00bb][\/et_pb_image][\/et_pb_column][et_pb_column type=\u00bb3_4&#8243; _builder_version=\u00bb4.16&#8243; custom_padding=\u00bb|||\u00bb global_colors_info=\u00bb{}\u00bb custom_padding__hover=\u00bb|||\u00bb][et_pb_text _builder_version=\u00bb4.16&#8243; text_font=\u00bb||||||||\u00bb text_text_color=\u00bb#ffffff\u00bb header_font=\u00bb||||||||\u00bb header_text_color=\u00bb#ffffff\u00bb header_2_font=\u00bb||||||||\u00bb header_2_text_color=\u00bb#ffffff\u00bb global_colors_info=\u00bb{}\u00bb]<\/p>\n<h2>Potencial profesional<\/h2>\n<p>Para aquellos que demuestran la motivaci\u00f3n, la ambici\u00f3n, la iniciativa y van m\u00e1s all\u00e1 al tiempo que demuestran nuestros valores fundamentales, tenemos oportunidades que son infinitas. Nuestra historia est\u00e1 llena de ejemplos de aquellos que han comenzado en puestos de nivel de entrada y ahora est\u00e1n en puestos de liderazgo. Su viaje con Paragon Films puede llevarlo a oportunidades en cualquiera de nuestras ubicaciones de plantas. Estamos emocionados de ver c\u00f3mo se desarrolla la pr\u00f3xima historia de \u00e9xito de Paragon.   <\/p>\n<p>[\/et_pb_text][\/et_pb_column][\/et_pb_row][et_pb_row _builder_version=\u00bb4.16&#8243; custom_padding=\u00bb||\u00bb global_colors_info=\u00bb{}\u00bb][et_pb_column type=\u00bb4_4&#8243; _builder_version=\u00bb4.16&#8243; custom_padding=\u00bb|||\u00bb global_colors_info=\u00bb{}\u00bb custom_padding__hover=\u00bb|||\u00bb][et_pb_code _builder_version=\u00bb4.16&#8243; global_colors_info=\u00bb{}\u00bb]<\/p>\n<div class=\"cbutton light center\"><!-- [et_pb_line_break_holder] -->  <a href=\"https:\/\/recruiting.paylocity.com\/recruiting\/jobs\/All\/cf5ff2b9-b5cf-432b-9b48-91b921f8fe10\/PARAGON-FILMS-INC\">Solicitar ahora<\/a><!-- [et_pb_line_break_holder] -->\t<\/p>\n<div class=\"big\"><\/div>\n<p><!-- [et_pb_line_break_holder] -->\t<\/p>\n<div class=\"small\"><\/div>\n<p><!-- [et_pb_line_break_holder] --><\/div>\n<p><!-- [et_pb_line_break_holder] --><\/p>\n<div id=\"benefits\"><\/div>\n<p>[\/et_pb_code][\/et_pb_column][\/et_pb_row][\/et_pb_section][et_pb_section fb_built=\u00bb1&#8243; _builder_version=\u00bb4.16&#8243; custom_padding=\u00bb||\u00bb global_colors_info=\u00bb{}\u00bb][et_pb_row column_structure=\u00bb1_4,3_4&#8243; _builder_version=\u00bb4.16&#8243; custom_padding=\u00bb||0px\u00bb global_colors_info=\u00bb{}\u00bb][et_pb_column type=\u00bb1_4&#8243; _builder_version=\u00bb4.16&#8243; custom_padding=\u00bb|||\u00bb global_colors_info=\u00bb{}\u00bb custom_padding__hover=\u00bb|||\u00bb][et_pb_image src=\u00bbhttps:\/\/www.paragonfilms.com\/wp-content\/uploads\/2019\/05\/s4.4-big.png\u00bb align=\u00bbcenter\u00bb align_tablet=\u00bbcenter\u00bb align_phone=\u00bbcenter\u00bb align_last_edited=\u00bbon|desktop\u00bb _builder_version=\u00bb4.16&#8243; global_colors_info=\u00bb{}\u00bb][\/et_pb_image][\/et_pb_column][et_pb_column type=\u00bb3_4&#8243; _builder_version=\u00bb4.16&#8243; custom_padding=\u00bb|||\u00bb global_colors_info=\u00bb{}\u00bb custom_padding__hover=\u00bb|||\u00bb][et_pb_text _builder_version=\u00bb4.16&#8243; text_font=\u00bb||||||||\u00bb text_text_color=\u00bb#000000&#8243; header_font=\u00bb||||||||\u00bb header_text_color=\u00bb#ffffff\u00bb header_2_font=\u00bb||||||||\u00bb header_2_text_color=\u00bb#000000&#8243; global_colors_info=\u00bb{}\u00bb]<\/p>\n<h2>Beneficios<\/h2>\n<p>Paragon Films ofrece excelentes beneficios para los empleados, que incluyen beneficios m\u00e9dicos, dentales, de la vista, seguro de vida, discapacidad y jubilaci\u00f3n. <\/p>\n<p>[\/et_pb_text][\/et_pb_column][\/et_pb_row][et_pb_row _builder_version=\u00bb4.16&#8243; global_colors_info=\u00bb{}\u00bb][et_pb_column type=\u00bb4_4&#8243; _builder_version=\u00bb4.16&#8243; custom_padding=\u00bb|||\u00bb global_colors_info=\u00bb{}\u00bb custom_padding__hover=\u00bb|||\u00bb][et_pb_code _builder_version=\u00bb4.16&#8243; global_colors_info=\u00bb{}\u00bb]<\/p>\n<div class=\"benefits-container\"><!-- [et_pb_line_break_holder] -->  <!-- [et_pb_line_break_holder] -->  <!--{{{wpml_tag_2}}}<!-- [et_pb_line_break_holder] -->  {{{wpml_tag_3}}}<!-- [et_pb_line_break_holder] -->  {{{wpml_tag_4}}}<!-- [et_pb_line_break_holder] -->  {{{wpml_tag_5}}}Equilibrio entre vida personal y laboral{{{wpml_tag_6}}}<!-- [et_pb_line_break_holder] -->  {{{wpml_tag_7}}}Trabajamos duro. Pero todo trabajo y nada de diversi\u00f3n nos hace a todos infelices. Al final del d\u00eda, tiene intereses y obligaciones externos. Y eso lo convierte en un mejor empleado. Creemos en el equilibrio.{{{wpml_tag_8}}}<!-- [et_pb_line_break_holder] -->  {{{wpml_tag_9}}}<!-- [et_pb_line_break_holder] -->  {{{wpml_tag_10}}}&#8211;&gt;<!-- [et_pb_line_break_holder] -->  <!-- [et_pb_line_break_holder] -->  <\/p>\n<div class=\"benefit\"><!-- [et_pb_line_break_holder] -->    <img decoding=\"async\" src=\"https:\/\/www.paragonfilms.com\/wp-content\/uploads\/2019\/05\/family-events.png\" alt=\"eventos-familiares\"><!-- [et_pb_line_break_holder] -->    <\/p>\n<div><!-- [et_pb_line_break_holder] -->      <\/p>\n<h2>Eventos familiares<\/h2>\n<p><!-- [et_pb_line_break_holder] -->      <pee>Su familia es nuestra familia. Organizamos varios eventos durante todo el a\u00f1o a los que tambi\u00e9n est\u00e1n invitados c\u00f3nyuges, hijos y nietos. Queremos celebrarlo con su familia.  <\/pee><!-- [et_pb_line_break_holder] -->    <\/div>\n<p><!-- [et_pb_line_break_holder] -->  <\/div>\n<p><!-- [et_pb_line_break_holder] -->  <!-- [et_pb_line_break_holder] -->  <\/p>\n<div class=\"benefit\"><!-- [et_pb_line_break_holder] -->    <img decoding=\"async\" src=\"https:\/\/www.paragonfilms.com\/wp-content\/uploads\/2019\/05\/your-health.png\" alt=\"su-salud\"><!-- [et_pb_line_break_holder] -->    <\/p>\n<div><!-- [et_pb_line_break_holder] -->      <\/p>\n<h2>Su salud es nuestra salud<\/h2>\n<p><!-- [et_pb_line_break_holder] -->      <pee>Nos tomamos muy en serio la salud de nuestros empleados. Adem\u00e1s de nuestros beneficios m\u00e9dicos est\u00e1ndar, brindamos beneficios adicionales, como vacunas anuales contra la gripe para nuestros empleados, evaluaciones de salud personales, membres\u00edas de gimnasio con descuento y otros recursos de bienestar para nuestros empleados. <\/pee><!-- [et_pb_line_break_holder] -->    <\/div>\n<p><!-- [et_pb_line_break_holder] -->  <\/div>\n<p><!-- [et_pb_line_break_holder] -->  <!-- [et_pb_line_break_holder] -->  <\/p>\n<div class=\"benefit\"><!-- [et_pb_line_break_holder] -->    <img decoding=\"async\" src=\"https:\/\/www.paragonfilms.com\/wp-content\/uploads\/2019\/05\/investing.png\" alt=\"invertir-en-su-futuro\"><!-- [et_pb_line_break_holder] -->    <\/p>\n<div><!-- [et_pb_line_break_holder] -->      <\/p>\n<h2>Invertir en su futuro<\/h2>\n<p><!-- [et_pb_line_break_holder] -->      <pee>Ofrecemos un excelente plan de jubilaci\u00f3n 401k con contrapartida de Paragon Films.<\/pee><!-- [et_pb_line_break_holder] -->    <\/div>\n<p><!-- [et_pb_line_break_holder] -->  <\/div>\n<p><!-- [et_pb_line_break_holder] -->  <!-- [et_pb_line_break_holder] --><\/div>\n<p>[\/et_pb_code][\/et_pb_column][\/et_pb_row][\/et_pb_section][et_pb_section fb_built=\u00bb1&#8243; fullwidth=\u00bbon\u00bb module_class=\u00bbfindyour-container\u00bb _builder_version=\u00bb3.19.18&#8243; background_color=\u00bb#04a6e1&#8243; custom_margin=\u00bb0px||\u00bb custom_padding=\u00bb0|0px|0px|0px|false|false\u00bb global_module=\u00bb352&#8243; saved_tabs=\u00bball\u00bb locked=\u00bboff\u00bb global_colors_info=\u00bb{}\u00bb][et_pb_fullwidth_code _builder_version=\u00bb4.16&#8243; custom_margin=\u00bb0px||\u00bb custom_padding=\u00bb0px||\u00bb global_colors_info=\u00bb{}\u00bb]<\/p>\n<div class=\"findyour\"><!-- [et_pb_line_break_holder] -->  <!-- [et_pb_line_break_holder] -->  <\/p>\n<div class=\"fy-distributor\"><!-- [et_pb_line_break_holder] -->    <\/p>\n<div class=\"cbutton\"><!-- [et_pb_line_break_holder] -->      <a href=\"https:\/\/www.paragonfilms.com\/find-your-distributor\/\">Find Your Sales Rep<\/a><!-- [et_pb_line_break_holder] -->      <\/p>\n<div class=\"big\"><\/div>\n<p><!-- [et_pb_line_break_holder] -->      <\/p>\n<div class=\"small\"><\/div>\n<p><!-- [et_pb_line_break_holder] -->    <\/div>\n<p><!-- [et_pb_line_break_holder] -->  <\/div>\n<p><!-- [et_pb_line_break_holder] -->  <!-- [et_pb_line_break_holder] -->  <\/p>\n<div class=\"fy-film\"><!-- [et_pb_line_break_holder] -->    <\/p>\n<div class=\"cbutton light\"><!-- [et_pb_line_break_holder] -->      <a href=\"https:\/\/www.paragonfilms.com\/how-to-choose\/\">Find Your Film<\/a><!-- [et_pb_line_break_holder] -->      <\/p>\n<div class=\"big\"><\/div>\n<p><!-- [et_pb_line_break_holder] -->      <\/p>\n<div class=\"small\"><\/div>\n<p><!-- [et_pb_line_break_holder] -->    <\/div>\n<p><!-- [et_pb_line_break_holder] -->  <\/div>\n<p><!-- [et_pb_line_break_holder] -->  <!-- [et_pb_line_break_holder] --> <\/div>\n<p>[\/et_pb_fullwidth_code][\/et_pb_section]<\/p>\n","protected":false},"excerpt":{"rendered":"<p>Participaci\u00f3n en la comunidad Como empresa, nuestras bendiciones son abundantes. Creemos en compartir esas abundancias a trav\u00e9s de nuestros empleados con nuestras comunidades. Buscamos continuamente formas de retribuir, no solo a nuestros empleados que lo necesitan, sino tambi\u00e9n a aquellos en nuestra comunidad que son menos afortunados. Invertimos en nuestros programas escolares locales, as\u00ed como [&hellip;]<\/p>\n","protected":false},"author":1,"featured_media":0,"parent":0,"menu_order":0,"comment_status":"closed","ping_status":"closed","template":"","meta":{"_et_pb_use_builder":"on","_et_pb_old_content":"","_et_gb_content_width":"","content-type":"","footnotes":""},"class_list":["post-230632","page","type-page","status-publish","hentry"],"yoast_head":"<!-- This site is optimized with the Yoast SEO plugin v26.9 - https:\/\/yoast.com\/product\/yoast-seo-wordpress\/ -->\n<title>Acerca de nosotros - Paragon Films<\/title>\n<meta name=\"robots\" content=\"index, follow, max-snippet:-1, max-image-preview:large, max-video-preview:-1\" \/>\n<link rel=\"canonical\" href=\"https:\/\/www.paragonfilms.com\/es\/acerca-de-nosotros\/\" \/>\n<meta property=\"og:locale\" content=\"es_ES\" \/>\n<meta property=\"og:type\" content=\"article\" \/>\n<meta property=\"og:title\" content=\"Acerca de nosotros - Paragon Films\" \/>\n<meta property=\"og:description\" content=\"Participaci\u00f3n en la comunidad Como empresa, nuestras bendiciones son abundantes. Creemos en compartir esas abundancias a trav\u00e9s de nuestros empleados con nuestras comunidades. Buscamos continuamente formas de retribuir, no solo a nuestros empleados que lo necesitan, sino tambi\u00e9n a aquellos en nuestra comunidad que son menos afortunados. Invertimos en nuestros programas escolares locales, as\u00ed como [&hellip;]\" \/>\n<meta property=\"og:url\" content=\"https:\/\/www.paragonfilms.com\/es\/acerca-de-nosotros\/\" \/>\n<meta property=\"og:site_name\" content=\"Paragon Films\" \/>\n<meta property=\"article:modified_time\" content=\"2026-01-02T20:05:57+00:00\" \/>\n<meta property=\"og:image\" content=\"https:\/\/www.paragonfilms.com\/wp-content\/uploads\/2019\/05\/family-events.png\" \/>\n<meta name=\"twitter:card\" content=\"summary_large_image\" \/>\n<meta name=\"twitter:label1\" content=\"Tiempo de lectura\" \/>\n\t<meta name=\"twitter:data1\" content=\"4 minutos\" \/>\n<script type=\"application\/ld+json\" class=\"yoast-schema-graph\">{\"@context\":\"https:\/\/schema.org\",\"@graph\":[{\"@type\":\"WebPage\",\"@id\":\"https:\/\/www.paragonfilms.com\/es\/acerca-de-nosotros\/\",\"url\":\"https:\/\/www.paragonfilms.com\/es\/acerca-de-nosotros\/\",\"name\":\"Acerca de nosotros - Paragon Films\",\"isPartOf\":{\"@id\":\"https:\/\/www.paragonfilms.com\/es\/#website\"},\"primaryImageOfPage\":{\"@id\":\"https:\/\/www.paragonfilms.com\/es\/acerca-de-nosotros\/#primaryimage\"},\"image\":{\"@id\":\"https:\/\/www.paragonfilms.com\/es\/acerca-de-nosotros\/#primaryimage\"},\"thumbnailUrl\":\"https:\/\/www.paragonfilms.com\/wp-content\/uploads\/2019\/05\/family-events.png\",\"datePublished\":\"2019-04-29T18:17:18+00:00\",\"dateModified\":\"2026-01-02T20:05:57+00:00\",\"breadcrumb\":{\"@id\":\"https:\/\/www.paragonfilms.com\/es\/acerca-de-nosotros\/#breadcrumb\"},\"inLanguage\":\"es\",\"potentialAction\":[{\"@type\":\"ReadAction\",\"target\":[\"https:\/\/www.paragonfilms.com\/es\/acerca-de-nosotros\/\"]}]},{\"@type\":\"ImageObject\",\"inLanguage\":\"es\",\"@id\":\"https:\/\/www.paragonfilms.com\/es\/acerca-de-nosotros\/#primaryimage\",\"url\":\"https:\/\/www.paragonfilms.com\/wp-content\/uploads\/2019\/05\/family-events.png\",\"contentUrl\":\"https:\/\/www.paragonfilms.com\/wp-content\/uploads\/2019\/05\/family-events.png\"},{\"@type\":\"BreadcrumbList\",\"@id\":\"https:\/\/www.paragonfilms.com\/es\/acerca-de-nosotros\/#breadcrumb\",\"itemListElement\":[{\"@type\":\"ListItem\",\"position\":1,\"name\":\"Home\",\"item\":\"https:\/\/www.paragonfilms.com\/es\/\"},{\"@type\":\"ListItem\",\"position\":2,\"name\":\"Acerca de nosotros\"}]},{\"@type\":\"WebSite\",\"@id\":\"https:\/\/www.paragonfilms.com\/es\/#website\",\"url\":\"https:\/\/www.paragonfilms.com\/es\/\",\"name\":\"Paragon Films\",\"description\":\"Destination Secured.\",\"potentialAction\":[{\"@type\":\"SearchAction\",\"target\":{\"@type\":\"EntryPoint\",\"urlTemplate\":\"https:\/\/www.paragonfilms.com\/es\/?s={search_term_string}\"},\"query-input\":{\"@type\":\"PropertyValueSpecification\",\"valueRequired\":true,\"valueName\":\"search_term_string\"}}],\"inLanguage\":\"es\"}]}<\/script>\n<!-- \/ Yoast SEO plugin. -->","yoast_head_json":{"title":"Acerca de nosotros - Paragon Films","robots":{"index":"index","follow":"follow","max-snippet":"max-snippet:-1","max-image-preview":"max-image-preview:large","max-video-preview":"max-video-preview:-1"},"canonical":"https:\/\/www.paragonfilms.com\/es\/acerca-de-nosotros\/","og_locale":"es_ES","og_type":"article","og_title":"Acerca de nosotros - Paragon Films","og_description":"Participaci\u00f3n en la comunidad Como empresa, nuestras bendiciones son abundantes. Creemos en compartir esas abundancias a trav\u00e9s de nuestros empleados con nuestras comunidades. Buscamos continuamente formas de retribuir, no solo a nuestros empleados que lo necesitan, sino tambi\u00e9n a aquellos en nuestra comunidad que son menos afortunados. Invertimos en nuestros programas escolares locales, as\u00ed como [&hellip;]","og_url":"https:\/\/www.paragonfilms.com\/es\/acerca-de-nosotros\/","og_site_name":"Paragon Films","article_modified_time":"2026-01-02T20:05:57+00:00","og_image":[{"url":"https:\/\/www.paragonfilms.com\/wp-content\/uploads\/2019\/05\/family-events.png","type":"","width":"","height":""}],"twitter_card":"summary_large_image","twitter_misc":{"Tiempo de lectura":"4 minutos"},"schema":{"@context":"https:\/\/schema.org","@graph":[{"@type":"WebPage","@id":"https:\/\/www.paragonfilms.com\/es\/acerca-de-nosotros\/","url":"https:\/\/www.paragonfilms.com\/es\/acerca-de-nosotros\/","name":"Acerca de nosotros - Paragon Films","isPartOf":{"@id":"https:\/\/www.paragonfilms.com\/es\/#website"},"primaryImageOfPage":{"@id":"https:\/\/www.paragonfilms.com\/es\/acerca-de-nosotros\/#primaryimage"},"image":{"@id":"https:\/\/www.paragonfilms.com\/es\/acerca-de-nosotros\/#primaryimage"},"thumbnailUrl":"https:\/\/www.paragonfilms.com\/wp-content\/uploads\/2019\/05\/family-events.png","datePublished":"2019-04-29T18:17:18+00:00","dateModified":"2026-01-02T20:05:57+00:00","breadcrumb":{"@id":"https:\/\/www.paragonfilms.com\/es\/acerca-de-nosotros\/#breadcrumb"},"inLanguage":"es","potentialAction":[{"@type":"ReadAction","target":["https:\/\/www.paragonfilms.com\/es\/acerca-de-nosotros\/"]}]},{"@type":"ImageObject","inLanguage":"es","@id":"https:\/\/www.paragonfilms.com\/es\/acerca-de-nosotros\/#primaryimage","url":"https:\/\/www.paragonfilms.com\/wp-content\/uploads\/2019\/05\/family-events.png","contentUrl":"https:\/\/www.paragonfilms.com\/wp-content\/uploads\/2019\/05\/family-events.png"},{"@type":"BreadcrumbList","@id":"https:\/\/www.paragonfilms.com\/es\/acerca-de-nosotros\/#breadcrumb","itemListElement":[{"@type":"ListItem","position":1,"name":"Home","item":"https:\/\/www.paragonfilms.com\/es\/"},{"@type":"ListItem","position":2,"name":"Acerca de nosotros"}]},{"@type":"WebSite","@id":"https:\/\/www.paragonfilms.com\/es\/#website","url":"https:\/\/www.paragonfilms.com\/es\/","name":"Paragon Films","description":"Destination Secured.","potentialAction":[{"@type":"SearchAction","target":{"@type":"EntryPoint","urlTemplate":"https:\/\/www.paragonfilms.com\/es\/?s={search_term_string}"},"query-input":{"@type":"PropertyValueSpecification","valueRequired":true,"valueName":"search_term_string"}}],"inLanguage":"es"}]}},"_links":{"self":[{"href":"https:\/\/www.paragonfilms.com\/es\/wp-json\/wp\/v2\/pages\/230632","targetHints":{"allow":["GET"]}}],"collection":[{"href":"https:\/\/www.paragonfilms.com\/es\/wp-json\/wp\/v2\/pages"}],"about":[{"href":"https:\/\/www.paragonfilms.com\/es\/wp-json\/wp\/v2\/types\/page"}],"author":[{"embeddable":true,"href":"https:\/\/www.paragonfilms.com\/es\/wp-json\/wp\/v2\/users\/1"}],"replies":[{"embeddable":true,"href":"https:\/\/www.paragonfilms.com\/es\/wp-json\/wp\/v2\/comments?post=230632"}],"version-history":[{"count":0,"href":"https:\/\/www.paragonfilms.com\/es\/wp-json\/wp\/v2\/pages\/230632\/revisions"}],"wp:attachment":[{"href":"https:\/\/www.paragonfilms.com\/es\/wp-json\/wp\/v2\/media?parent=230632"}],"curies":[{"name":"wp","href":"https:\/\/api.w.org\/{rel}","templated":true}]}}