{"id":230635,"date":"2019-07-26T01:15:35","date_gmt":"2019-07-26T06:15:35","guid":{"rendered":"https:\/\/paragonfilmstg.wpenginepowered.com\/la-diferencia-de-paragon\/"},"modified":"2026-02-06T15:46:36","modified_gmt":"2026-02-06T21:46:36","slug":"la-diferencia-de-paragon","status":"publish","type":"page","link":"https:\/\/www.paragonfilms.com\/es\/la-diferencia-de-paragon\/","title":{"rendered":"La diferencia de Paragon"},"content":{"rendered":"<p>[et_pb_section fb_built=\u00bb1&#8243; _builder_version=\u00bb4.16&#8243; custom_padding=\u00bb||0px\u00bb global_colors_info=\u00bb{}\u00bb][et_pb_row _builder_version=\u00bb4.20.2&#8243; background_enable_video_mp4=\u00bboff\u00bb global_colors_info=\u00bb{}\u00bb][et_pb_column type=\u00bb4_4&#8243; _builder_version=\u00bb4.16&#8243; custom_padding=\u00bb|||\u00bb global_colors_info=\u00bb{}\u00bb custom_padding__hover=\u00bb|||\u00bb][et_pb_text admin_label=\u00bbThe paragon difference\u00bb _builder_version=\u00bb4.25.0&#8243; global_colors_info=\u00bb{}\u00bb]<\/p>\n<h2>La diferencia de Paragon<\/h2>\n<p>En Paragon Films, nuestro legado reside en aquello que nos distingue: la Diferencia Paragon. Es una caracter\u00edstica definitoria que se fortalece en nuestra cultura de excelencia y nuestro enfoque en el ahorro y la sostenibilidad. Esta cultura pionera comienza con nuestra capacidad de producir algunas de las pel\u00edculas de alto rendimiento y especiales m\u00e1s delgadas de la industria, manteniendo una calidad excepcional, contenci\u00f3n de la carga y un rendimiento general sin igual.<\/p>\n<p>La historia de nuestra innovaci\u00f3n tecnol\u00f3gica l\u00edder en el mercado comienza con nuestra impresionante cartera de propiedad intelectual, mezclas de resinas \u00fanicas, equipos de \u00faltima generaci\u00f3n y procesos de fabricaci\u00f3n patentados. Contin\u00faa con nuestros equipos t\u00e9cnicos trabajando sin descanso para llevar nuestros productos al siguiente nivel.<\/p>\n<p>[\/et_pb_text][\/et_pb_column][\/et_pb_row][et_pb_row _builder_version=\u00bb4.20.2&#8243; background_enable_video_mp4=\u00bboff\u00bb global_colors_info=\u00bb{}\u00bb][et_pb_column type=\u00bb4_4&#8243; _builder_version=\u00bb4.16&#8243; custom_padding=\u00bb|||\u00bb global_colors_info=\u00bb{}\u00bb custom_padding__hover=\u00bb|||\u00bb][et_pb_code _builder_version=\u00bb4.25.2&#8243; global_colors_info=\u00bb{}\u00bb]<\/p>\n<div class=\"pd-stages-container\"><!-- [et_pb_line_break_holder] -->  <!-- [et_pb_line_break_holder] -->  <\/p>\n<div class=\"pd-image\"><!-- [et_pb_line_break_holder] -->    <img decoding=\"async\" src=\"https:\/\/www.paragonfilms.com\/wp-content\/uploads\/icons-03-scaled.png\" alt=\"Icono de propiedad intelectual\"><!-- [et_pb_line_break_holder] -->  <\/div>\n<p><!-- [et_pb_line_break_holder] -->  <!-- [et_pb_line_break_holder] -->  <\/p>\n<div class=\"pd-arrow\"><\/div>\n<p><!-- [et_pb_line_break_holder] -->  <!-- [et_pb_line_break_holder] -->  <\/p>\n<div class=\"pd-image\"><!-- [et_pb_line_break_holder] -->    <img decoding=\"async\" src=\"https:\/\/www.paragonfilms.com\/wp-content\/uploads\/Icons-01-scaled.png\" alt=\"Icono de equipo\"><!-- [et_pb_line_break_holder] -->  <\/div>\n<p><!-- [et_pb_line_break_holder] -->  <!-- [et_pb_line_break_holder] -->  <\/p>\n<div class=\"pd-arrow\"><\/div>\n<p><!-- [et_pb_line_break_holder] -->  <!-- [et_pb_line_break_holder] -->  <\/p>\n<div class=\"pd-image\"><!-- [et_pb_line_break_holder] -->    <img decoding=\"async\" src=\"https:\/\/www.paragonfilms.com\/wp-content\/uploads\/Icons-02-scaled.png\" alt=\"Icono de proceso\"><!-- [et_pb_line_break_holder] -->  <\/div>\n<p><!-- [et_pb_line_break_holder] -->  <!-- [et_pb_line_break_holder] -->  <\/p>\n<div class=\"pd-arrow\"><\/div>\n<p><!-- [et_pb_line_break_holder] -->  <!-- [et_pb_line_break_holder] -->  <\/p>\n<div class=\"pd-image\"><!-- [et_pb_line_break_holder] -->    <img decoding=\"async\" src=\"https:\/\/www.paragonfilms.com\/wp-content\/uploads\/Icons-04-scaled.png\" alt=\"Icono de mejora continua\"><!-- [et_pb_line_break_holder] -->  <\/div>\n<p><!-- [et_pb_line_break_holder] -->  <!-- [et_pb_line_break_holder] --><\/div>\n<p>[\/et_pb_code][\/et_pb_column][\/et_pb_row][\/et_pb_section][et_pb_section fb_built=\u00bb1&#8243; _builder_version=\u00bb4.16&#8243; custom_padding=\u00bb0px||0px\u00bb global_colors_info=\u00bb{}\u00bb][et_pb_row _builder_version=\u00bb4.20.2&#8243; background_enable_video_mp4=\u00bboff\u00bb global_colors_info=\u00bb{}\u00bb][et_pb_column type=\u00bb4_4&#8243; _builder_version=\u00bb4.16&#8243; custom_padding=\u00bb|||\u00bb global_colors_info=\u00bb{}\u00bb custom_padding__hover=\u00bb|||\u00bb][et_pb_code admin_label=\u00bbtestimonios de clientes\u00bb _builder_version=\u00bb4.25.0&#8243; global_colors_info=\u00bb{}\u00bb]<\/p>\n<div class=\"bic\"><!-- [et_pb_line_break_holder] -->  <\/p>\n<div class=\"bic-container\"><!-- [et_pb_line_break_holder] -->    <\/p>\n<h2>Testimonios de clientes<\/h2>\n<p><!-- [et_pb_line_break_holder] -->    <pee>\u201cParagon es el l\u00edder en el segmento de pel\u00edculas de alto rendimiento. Sus pel\u00edculas superan a la competencia en lo que respecta a los altos niveles de preestiramiento, la contenci\u00f3n de la carga y la resistencia a la perforaci\u00f3n.\u201d<\/pee><!-- [et_pb_line_break_holder] -->    <pee>\u201cParagon es el l\u00edder del mercado, sin duda. Son el n\u00famero uno en t\u00e9rminos de calidad.\u201d<\/pee><!-- [et_pb_line_break_holder] -->    <\/p>\n<h2>Pruebas<\/h2>\n<p><!-- [et_pb_line_break_holder] -->    <pee>Dos organizaciones de pruebas de terceros muy respetadas evaluaron el rendimiento de nuestras pel\u00edculas frente a cinco pel\u00edculas de la competencia en los siguientes atributos clave:<\/pee><!-- [et_pb_line_break_holder] -->    <\/p>\n<ul><!-- [et_pb_line_break_holder] -->      <\/p>\n<li>Porcentaje de estiramiento m\u00e1ximo<\/li>\n<p><!-- [et_pb_line_break_holder] -->      <\/p>\n<li>M\u00e1xima fuerza de contenci\u00f3n<\/li>\n<p><!-- [et_pb_line_break_holder] -->      <\/p>\n<li>Fuerza al 200% de estiramiento<\/li>\n<p><!-- [et_pb_line_break_holder] -->      <\/p>\n<li>Fuerza de desenrollado<\/li>\n<p><!-- [et_pb_line_break_holder] -->      <\/p>\n<li>Resistencia al rasgado<\/li>\n<p><!-- [et_pb_line_break_holder] -->    <\/ul>\n<p><!-- [et_pb_line_break_holder] -->    <pee><strong>En cada caso, Paragon ocup\u00f3 el primer lugar.<\/strong><\/pee><!-- [et_pb_line_break_holder] -->  <\/div>\n<p><!-- [et_pb_line_break_holder] --><\/div>\n<p>[\/et_pb_code][\/et_pb_column][\/et_pb_row][\/et_pb_section][et_pb_section fb_built=\u00bb1&#8243; _builder_version=\u00bb4.16&#8243; background_color=\u00bb#04a6e1&#8243; global_colors_info=\u00bb{}\u00bb][et_pb_row column_structure=\u00bb1_4,3_4&#8243; _builder_version=\u00bb4.20.2&#8243; background_enable_video_mp4=\u00bboff\u00bb global_colors_info=\u00bb{}\u00bb][et_pb_column type=\u00bb1_4&#8243; _builder_version=\u00bb4.16&#8243; custom_padding=\u00bb|||\u00bb global_colors_info=\u00bb{}\u00bb custom_padding__hover=\u00bb|||\u00bb][et_pb_image src=\u00bbhttps:\/\/www.paragonfilms.com\/wp-content\/uploads\/2019\/08\/Savings-icon.png\u00bb align_tablet=\u00bbcenter\u00bb align_phone=\u00bbcenter\u00bb align_last_edited=\u00bbon|desktop\u00bb _builder_version=\u00bb4.16&#8243; global_colors_info=\u00bb{}\u00bb][\/et_pb_image][\/et_pb_column][et_pb_column type=\u00bb3_4&#8243; _builder_version=\u00bb4.16&#8243; custom_padding=\u00bb|||\u00bb global_colors_info=\u00bb{}\u00bb custom_padding__hover=\u00bb|||\u00bb][et_pb_text admin_label=\u00bbsavings\u00bb _builder_version=\u00bb4.25.0&#8243; text_font=\u00bb||||||||\u00bb text_text_color=\u00bb#ffffff\u00bb header_font=\u00bb||||||||\u00bb header_2_font=\u00bb||||||||\u00bb header_2_text_color=\u00bb#ffffff\u00bb global_colors_info=\u00bb{}\u00bb]<\/p>\n<h2>Ahorros<\/h2>\n<p>Nuestro enfoque en la reducci\u00f3n del calibre de alto rendimiento y la reducci\u00f3n de las libras necesarias para envolver eficazmente las tarimas, ha proporcionado ahorros de costos sustanciales y un valor general para el cliente sin sacrificar la contenci\u00f3n de la carga. Al evaluar el coste por tarima enviado, disminuimos los costos entre un 10 y un 20%, al tiempo que reducimos significativamente las reclamaciones por mercanc\u00edas da\u00f1adas (que pueden promediar el 0,5% del total de los env\u00edos). Estos ahorros se atribuyen a la reducci\u00f3n del calibre de la pel\u00edcula y a la reducci\u00f3n de las libras necesarias para envolver eficazmente laas tarimas.<\/p>\n<p>[\/et_pb_text][et_pb_code _builder_version=\u00bb4.16&#8243; global_colors_info=\u00bb{}\u00bb]<\/p>\n<div style=\"text-align: center;\"><!-- [et_pb_line_break_holder] -->  <img decoding=\"async\" src=\"https:\/\/www.paragonfilms.com\/wp-content\/uploads\/2019\/08\/Client-Analysis-Toolkit.png\" alt=\"paragon-difference-sustainability\"><!-- [et_pb_line_break_holder] --><\/div>\n<p>[\/et_pb_code][\/et_pb_column][\/et_pb_row][\/et_pb_section][et_pb_section fb_built=\u00bb1&#8243; fullwidth=\u00bbon\u00bb disabled_on=\u00bbon|on|on\u00bb module_class=\u00bbfindyour-container\u00bb _builder_version=\u00bb4.16&#8243; background_color=\u00bb#04a6e1&#8243; custom_margin=\u00bb0px||\u00bb custom_padding=\u00bb0|0px|0px|0px|false|false\u00bb disabled=\u00bbon\u00bb saved_tabs=\u00bball\u00bb locked=\u00bboff\u00bb global_colors_info=\u00bb{}\u00bb][et_pb_fullwidth_code _builder_version=\u00bb4.16&#8243; custom_margin=\u00bb0px||\u00bb custom_padding=\u00bb0px||\u00bb global_colors_info=\u00bb{}\u00bb]<\/p>\n<div class=\"findyour\"><!-- [et_pb_line_break_holder] -->  <!-- [et_pb_line_break_holder] -->  <\/p>\n<div class=\"fy-distributor\"><!-- [et_pb_line_break_holder] -->    <\/p>\n<div class=\"cbutton\"><!-- [et_pb_line_break_holder] -->      <a href=\"https:\/\/www.paragonfilms.com\/find-your-distributor\/\">Find Your Sales Rep<\/a><!-- [et_pb_line_break_holder] -->      <\/p>\n<div class=\"big\"><\/div>\n<p><!-- [et_pb_line_break_holder] -->      <\/p>\n<div class=\"small\"><\/div>\n<p><!-- [et_pb_line_break_holder] -->    <\/div>\n<p><!-- [et_pb_line_break_holder] -->  <\/div>\n<p><!-- [et_pb_line_break_holder] -->  <!-- [et_pb_line_break_holder] -->  <\/p>\n<div class=\"fy-film\"><!-- [et_pb_line_break_holder] -->    <\/p>\n<div class=\"cbutton light\"><!-- [et_pb_line_break_holder] -->      <a href=\"https:\/\/www.paragonfilms.com\/how-to-choose\/\">Find Your Film<\/a><!-- [et_pb_line_break_holder] -->      <\/p>\n<div class=\"big\"><\/div>\n<p><!-- [et_pb_line_break_holder] -->      <\/p>\n<div class=\"small\"><\/div>\n<p><!-- [et_pb_line_break_holder] -->    <\/div>\n<p><!-- [et_pb_line_break_holder] -->  <\/div>\n<p><!-- [et_pb_line_break_holder] -->  <!-- [et_pb_line_break_holder] --> <\/div>\n<p>[\/et_pb_fullwidth_code][\/et_pb_section][et_pb_section fb_built=\u00bb1&#8243; fullwidth=\u00bbon\u00bb disabled_on=\u00bbon|on|on\u00bb admin_label=\u00bbcontact us &#8211; spanish\u00bb module_class=\u00bbfindyour-container\u00bb _builder_version=\u00bb4.25.2&#8243; background_color=\u00bb#04a6e1&#8243; custom_margin=\u00bb0px||\u00bb custom_padding=\u00bb0|0px|0px|0px|false|false\u00bb disabled=\u00bbon\u00bb saved_tabs=\u00bball\u00bb locked=\u00bboff\u00bb global_colors_info=\u00bb{}\u00bb][et_pb_fullwidth_code _builder_version=\u00bb4.25.2&#8243; custom_margin=\u00bb0px||\u00bb custom_padding=\u00bb0px||\u00bb global_colors_info=\u00bb{}\u00bb]<\/p>\n<div class=\"findyour\" style=\"width:100% !important;\"><!-- [et_pb_line_break_holder] -->  <!-- [et_pb_line_break_holder] -->  <!-- [et_pb_line_break_holder] -->  <\/p>\n<div class=\"fy-film\" style=\"width:100% !important;\"><!-- [et_pb_line_break_holder] -->    <\/p>\n<div class=\"cbutton light\"><!-- [et_pb_line_break_holder] -->      <a href=\"https:\/\/www.paragonfilms.com\/es\/atencion-al-cliente\/\">Cont\u00e1ctanos<\/a><!-- [et_pb_line_break_holder] -->      <\/p>\n<div class=\"big\"><\/div>\n<p><!-- [et_pb_line_break_holder] -->      <\/p>\n<div class=\"small\"><\/div>\n<p><!-- [et_pb_line_break_holder] -->    <\/div>\n<p><!-- [et_pb_line_break_holder] -->  <!-- [et_pb_line_break_holder] --> <\/div>\n<p>[\/et_pb_fullwidth_code][\/et_pb_section]<\/p>\n","protected":false},"excerpt":{"rendered":"<p>La diferencia de Paragon En Paragon Films, nuestro legado reside en aquello que nos distingue: la Diferencia Paragon. Es una caracter\u00edstica definitoria que se fortalece en nuestra cultura de excelencia y nuestro enfoque en el ahorro y la sostenibilidad. Esta cultura pionera comienza con nuestra capacidad de producir algunas de las pel\u00edculas de alto rendimiento [&hellip;]<\/p>\n","protected":false},"author":1,"featured_media":0,"parent":0,"menu_order":0,"comment_status":"closed","ping_status":"closed","template":"","meta":{"_et_pb_use_builder":"on","_et_pb_old_content":"","_et_gb_content_width":"","content-type":"","footnotes":""},"class_list":["post-230635","page","type-page","status-publish","hentry"],"yoast_head":"<!-- This site is optimized with the Yoast SEO plugin v26.9 - https:\/\/yoast.com\/product\/yoast-seo-wordpress\/ -->\n<title>La diferencia de Paragon - Paragon Films<\/title>\n<meta name=\"robots\" content=\"index, follow, max-snippet:-1, max-image-preview:large, max-video-preview:-1\" \/>\n<link rel=\"canonical\" href=\"https:\/\/www.paragonfilms.com\/es\/la-diferencia-de-paragon\/\" \/>\n<meta property=\"og:locale\" content=\"es_ES\" \/>\n<meta property=\"og:type\" content=\"article\" \/>\n<meta property=\"og:title\" content=\"La diferencia de Paragon - Paragon Films\" \/>\n<meta property=\"og:description\" content=\"La diferencia de Paragon En Paragon Films, nuestro legado reside en aquello que nos distingue: la Diferencia Paragon. Es una caracter\u00edstica definitoria que se fortalece en nuestra cultura de excelencia y nuestro enfoque en el ahorro y la sostenibilidad. Esta cultura pionera comienza con nuestra capacidad de producir algunas de las pel\u00edculas de alto rendimiento [&hellip;]\" \/>\n<meta property=\"og:url\" content=\"https:\/\/www.paragonfilms.com\/es\/la-diferencia-de-paragon\/\" \/>\n<meta property=\"og:site_name\" content=\"Paragon Films\" \/>\n<meta property=\"article:modified_time\" content=\"2026-02-06T21:46:36+00:00\" \/>\n<meta property=\"og:image\" content=\"https:\/\/www.paragonfilms.com\/wp-content\/uploads\/icons-03-scaled.png\" \/>\n<meta name=\"twitter:card\" content=\"summary_large_image\" \/>\n<meta name=\"twitter:label1\" content=\"Tiempo de lectura\" \/>\n\t<meta name=\"twitter:data1\" content=\"3 minutos\" \/>\n<script type=\"application\/ld+json\" class=\"yoast-schema-graph\">{\"@context\":\"https:\/\/schema.org\",\"@graph\":[{\"@type\":\"WebPage\",\"@id\":\"https:\/\/www.paragonfilms.com\/es\/la-diferencia-de-paragon\/\",\"url\":\"https:\/\/www.paragonfilms.com\/es\/la-diferencia-de-paragon\/\",\"name\":\"La diferencia de Paragon - Paragon Films\",\"isPartOf\":{\"@id\":\"https:\/\/www.paragonfilms.com\/es\/#website\"},\"primaryImageOfPage\":{\"@id\":\"https:\/\/www.paragonfilms.com\/es\/la-diferencia-de-paragon\/#primaryimage\"},\"image\":{\"@id\":\"https:\/\/www.paragonfilms.com\/es\/la-diferencia-de-paragon\/#primaryimage\"},\"thumbnailUrl\":\"https:\/\/www.paragonfilms.com\/wp-content\/uploads\/icons-03-scaled.png\",\"datePublished\":\"2019-07-26T06:15:35+00:00\",\"dateModified\":\"2026-02-06T21:46:36+00:00\",\"breadcrumb\":{\"@id\":\"https:\/\/www.paragonfilms.com\/es\/la-diferencia-de-paragon\/#breadcrumb\"},\"inLanguage\":\"es\",\"potentialAction\":[{\"@type\":\"ReadAction\",\"target\":[\"https:\/\/www.paragonfilms.com\/es\/la-diferencia-de-paragon\/\"]}]},{\"@type\":\"ImageObject\",\"inLanguage\":\"es\",\"@id\":\"https:\/\/www.paragonfilms.com\/es\/la-diferencia-de-paragon\/#primaryimage\",\"url\":\"https:\/\/www.paragonfilms.com\/wp-content\/uploads\/icons-03-scaled.png\",\"contentUrl\":\"https:\/\/www.paragonfilms.com\/wp-content\/uploads\/icons-03-scaled.png\"},{\"@type\":\"BreadcrumbList\",\"@id\":\"https:\/\/www.paragonfilms.com\/es\/la-diferencia-de-paragon\/#breadcrumb\",\"itemListElement\":[{\"@type\":\"ListItem\",\"position\":1,\"name\":\"Home\",\"item\":\"https:\/\/www.paragonfilms.com\/es\/\"},{\"@type\":\"ListItem\",\"position\":2,\"name\":\"La diferencia de Paragon\"}]},{\"@type\":\"WebSite\",\"@id\":\"https:\/\/www.paragonfilms.com\/es\/#website\",\"url\":\"https:\/\/www.paragonfilms.com\/es\/\",\"name\":\"Paragon Films\",\"description\":\"Destination Secured.\",\"potentialAction\":[{\"@type\":\"SearchAction\",\"target\":{\"@type\":\"EntryPoint\",\"urlTemplate\":\"https:\/\/www.paragonfilms.com\/es\/?s={search_term_string}\"},\"query-input\":{\"@type\":\"PropertyValueSpecification\",\"valueRequired\":true,\"valueName\":\"search_term_string\"}}],\"inLanguage\":\"es\"}]}<\/script>\n<!-- \/ Yoast SEO plugin. -->","yoast_head_json":{"title":"La diferencia de Paragon - Paragon Films","robots":{"index":"index","follow":"follow","max-snippet":"max-snippet:-1","max-image-preview":"max-image-preview:large","max-video-preview":"max-video-preview:-1"},"canonical":"https:\/\/www.paragonfilms.com\/es\/la-diferencia-de-paragon\/","og_locale":"es_ES","og_type":"article","og_title":"La diferencia de Paragon - Paragon Films","og_description":"La diferencia de Paragon En Paragon Films, nuestro legado reside en aquello que nos distingue: la Diferencia Paragon. Es una caracter\u00edstica definitoria que se fortalece en nuestra cultura de excelencia y nuestro enfoque en el ahorro y la sostenibilidad. Esta cultura pionera comienza con nuestra capacidad de producir algunas de las pel\u00edculas de alto rendimiento [&hellip;]","og_url":"https:\/\/www.paragonfilms.com\/es\/la-diferencia-de-paragon\/","og_site_name":"Paragon Films","article_modified_time":"2026-02-06T21:46:36+00:00","og_image":[{"url":"https:\/\/www.paragonfilms.com\/wp-content\/uploads\/icons-03-scaled.png","type":"","width":"","height":""}],"twitter_card":"summary_large_image","twitter_misc":{"Tiempo de lectura":"3 minutos"},"schema":{"@context":"https:\/\/schema.org","@graph":[{"@type":"WebPage","@id":"https:\/\/www.paragonfilms.com\/es\/la-diferencia-de-paragon\/","url":"https:\/\/www.paragonfilms.com\/es\/la-diferencia-de-paragon\/","name":"La diferencia de Paragon - Paragon Films","isPartOf":{"@id":"https:\/\/www.paragonfilms.com\/es\/#website"},"primaryImageOfPage":{"@id":"https:\/\/www.paragonfilms.com\/es\/la-diferencia-de-paragon\/#primaryimage"},"image":{"@id":"https:\/\/www.paragonfilms.com\/es\/la-diferencia-de-paragon\/#primaryimage"},"thumbnailUrl":"https:\/\/www.paragonfilms.com\/wp-content\/uploads\/icons-03-scaled.png","datePublished":"2019-07-26T06:15:35+00:00","dateModified":"2026-02-06T21:46:36+00:00","breadcrumb":{"@id":"https:\/\/www.paragonfilms.com\/es\/la-diferencia-de-paragon\/#breadcrumb"},"inLanguage":"es","potentialAction":[{"@type":"ReadAction","target":["https:\/\/www.paragonfilms.com\/es\/la-diferencia-de-paragon\/"]}]},{"@type":"ImageObject","inLanguage":"es","@id":"https:\/\/www.paragonfilms.com\/es\/la-diferencia-de-paragon\/#primaryimage","url":"https:\/\/www.paragonfilms.com\/wp-content\/uploads\/icons-03-scaled.png","contentUrl":"https:\/\/www.paragonfilms.com\/wp-content\/uploads\/icons-03-scaled.png"},{"@type":"BreadcrumbList","@id":"https:\/\/www.paragonfilms.com\/es\/la-diferencia-de-paragon\/#breadcrumb","itemListElement":[{"@type":"ListItem","position":1,"name":"Home","item":"https:\/\/www.paragonfilms.com\/es\/"},{"@type":"ListItem","position":2,"name":"La diferencia de Paragon"}]},{"@type":"WebSite","@id":"https:\/\/www.paragonfilms.com\/es\/#website","url":"https:\/\/www.paragonfilms.com\/es\/","name":"Paragon Films","description":"Destination Secured.","potentialAction":[{"@type":"SearchAction","target":{"@type":"EntryPoint","urlTemplate":"https:\/\/www.paragonfilms.com\/es\/?s={search_term_string}"},"query-input":{"@type":"PropertyValueSpecification","valueRequired":true,"valueName":"search_term_string"}}],"inLanguage":"es"}]}},"_links":{"self":[{"href":"https:\/\/www.paragonfilms.com\/es\/wp-json\/wp\/v2\/pages\/230635","targetHints":{"allow":["GET"]}}],"collection":[{"href":"https:\/\/www.paragonfilms.com\/es\/wp-json\/wp\/v2\/pages"}],"about":[{"href":"https:\/\/www.paragonfilms.com\/es\/wp-json\/wp\/v2\/types\/page"}],"author":[{"embeddable":true,"href":"https:\/\/www.paragonfilms.com\/es\/wp-json\/wp\/v2\/users\/1"}],"replies":[{"embeddable":true,"href":"https:\/\/www.paragonfilms.com\/es\/wp-json\/wp\/v2\/comments?post=230635"}],"version-history":[{"count":0,"href":"https:\/\/www.paragonfilms.com\/es\/wp-json\/wp\/v2\/pages\/230635\/revisions"}],"wp:attachment":[{"href":"https:\/\/www.paragonfilms.com\/es\/wp-json\/wp\/v2\/media?parent=230635"}],"curies":[{"name":"wp","href":"https:\/\/api.w.org\/{rel}","templated":true}]}}