{"id":230662,"date":"2019-03-20T04:10:58","date_gmt":"2019-03-20T09:10:58","guid":{"rendered":"https:\/\/paragonfilmstg.wpenginepowered.com\/quienes-somos\/"},"modified":"2026-03-10T13:24:58","modified_gmt":"2026-03-10T18:24:58","slug":"quienes-somos","status":"publish","type":"page","link":"https:\/\/www.paragonfilms.com\/es\/quienes-somos\/","title":{"rendered":"Qui\u00e9nes somos"},"content":{"rendered":"<p>[et_pb_section fb_built=\u00bb1&#8243; _builder_version=\u00bb4.16&#8243; custom_margin=\u00bb||\u00bb custom_padding=\u00bb130px||0px\u00bb saved_tabs=\u00bball\u00bb global_colors_info=\u00bb{}\u00bb][et_pb_row _builder_version=\u00bb4.20.2&#8243; background_enable_video_mp4=\u00bboff\u00bb global_colors_info=\u00bb{}\u00bb][et_pb_column type=\u00bb4_4&#8243; _builder_version=\u00bb4.16&#8243; custom_padding=\u00bb|||\u00bb global_colors_info=\u00bb{}\u00bb custom_padding__hover=\u00bb|||\u00bb][et_pb_text admin_label=\u00bbWHO WE ARE\u00bb _builder_version=\u00bb4.25.2&#8243; text_font=\u00bb||||||||\u00bb header_2_text_color=\u00bb#000000&#8243; hover_enabled=\u00bb0&#8243; global_colors_info=\u00bb{}\u00bb sticky_enabled=\u00bb0&#8243;]<\/p>\n<h2>Qui\u00e9nes somos<\/h2>\n<p>En Paragon Films, nos ilusiona ir a trabajar cada d\u00eda porque nos apasiona crear la mejor pel\u00edcula estirable del sector. Creemos en dar a cada uno de nuestros empleados voz y libertad para explorar ideas creativas, y la innovaci\u00f3n prospera como resultado. Canalizamos este ingenio en cada faceta de nuestra empresa y lo utilizamos para crear los mejores productos y una mejor experiencia de atenci\u00f3n al cliente.<\/p>\n<p style=\"margin-bottom: 65px;\">Desde 1988, hemos entregado con orgullo pel\u00edculas de ultra alto rendimiento que no tienen comparaci\u00f3n en desempe\u00f1o, valor, calidad y consistencia, todas dise\u00f1adas con la sustentabilidad en mente. Con plantas estrat\u00e9gicamente ubicadas en Oklahoma, Carolina del Norte, Washington y M\u00e9xico, brindamos un servicio dedicado en los 50 estados de Estados Unidos, as\u00ed como en Canad\u00e1, M\u00e9xico, Sudam\u00e9rica y numerosos mercados internacionales, atendiendo a una amplia variedad de industrias.<\/p>\n<p>[\/et_pb_text][\/et_pb_column][\/et_pb_row][\/et_pb_section][et_pb_section fb_built=\u00bb1&#8243; fullwidth=\u00bbon\u00bb module_id=\u00bbparagon-video\u00bb module_class=\u00bbfindyour-container\u00bb _builder_version=\u00bb4.25.2&#8243; saved_tabs=\u00bball\u00bb global_colors_info=\u00bb{}\u00bb][et_pb_fullwidth_code admin_label=\u00bbFIND A FILM\u00bb _builder_version=\u00bb4.25.2&#8243; global_colors_info=\u00bb{}\u00bb]<\/p>\n<div class=\"findyour\"><!-- [et_pb_line_break_holder] -->  <!-- [et_pb_line_break_holder] -->  <\/p>\n<div class=\"fy-film full-width\"><!-- [et_pb_line_break_holder] -->    <\/p>\n<div class=\"cbutton light\"><!-- [et_pb_line_break_holder] -->      <a href=\"https:\/\/www.paragonfilms.com\/es\/film-para-maquinas-de-paragon-films\/\">Encuentra tu film<\/a><!-- [et_pb_line_break_holder] -->      <\/p>\n<div class=\"big\"><\/div>\n<p><!-- [et_pb_line_break_holder] -->      <\/p>\n<div class=\"small\"><\/div>\n<p><!-- [et_pb_line_break_holder] -->    <\/div>\n<p><!-- [et_pb_line_break_holder] -->  <\/div>\n<p><!-- [et_pb_line_break_holder] -->  <!-- [et_pb_line_break_holder] --> <\/div>\n<p>[\/et_pb_fullwidth_code][\/et_pb_section][et_pb_section fb_built=\u00bb1&#8243; disabled_on=\u00bboff|off|on\u00bb admin_label=\u00bbSection\u00bb _builder_version=\u00bb4.16&#8243; background_image=\u00bbhttps:\/\/www.paragonfilms.com\/wp-content\/uploads\/2019\/03\/wwa-s4.1.jpg\u00bb global_colors_info=\u00bb{}\u00bb][et_pb_row _builder_version=\u00bb4.20.2&#8243; background_enable_video_mp4=\u00bboff\u00bb global_colors_info=\u00bb{}\u00bb][et_pb_column type=\u00bb4_4&#8243; _builder_version=\u00bb4.16&#8243; custom_padding=\u00bb|||\u00bb global_colors_info=\u00bb{}\u00bb custom_padding__hover=\u00bb|||\u00bb][et_pb_text disabled_on=\u00bboff|off|on\u00bb module_id=\u00bbabove-history\u00bb _builder_version=\u00bb4.25.2&#8243; text_font=\u00bb|700|||||||\u00bb text_text_color=\u00bb#ffffff\u00bb text_font_size=\u00bb50px\u00bb text_line_height=\u00bb1.3em\u00bb header_font=\u00bb||||||||\u00bb header_text_align=\u00bbleft\u00bb header_text_color=\u00bb#ffffff\u00bb header_font_size=\u00bb50px\u00bb header_line_height=\u00bb1.3em\u00bb global_colors_info=\u00bb{}\u00bb]<\/p>\n<h1>Paragon Films tiene una tradici\u00f3n de 30 a\u00f1os fabricando el mejor stretch film del sector.<\/h1>\n<p>[\/et_pb_text][\/et_pb_column][\/et_pb_row][\/et_pb_section][et_pb_section fb_built=\u00bb1&#8243; disabled_on=\u00bbon|off|off\u00bb admin_label=\u00bbVideo section &#8211; DESKTOP\u00bb _builder_version=\u00bb4.25.2&#8243; background_color=\u00bbRGBA(255,255,255,0)\u00bb background_image=\u00bbhttps:\/\/www.paragonfilms.com\/wp-content\/uploads\/wwa-s4-background-reverse.png\u00bb background_position=\u00bbcenter_left\u00bb global_colors_info=\u00bb{}\u00bb][et_pb_row column_structure=\u00bb1_2,1_2&#8243; _builder_version=\u00bb4.25.2&#8243; _module_preset=\u00bbdefault\u00bb background_enable_image=\u00bboff\u00bb background_enable_video_mp4=\u00bboff\u00bb global_colors_info=\u00bb{}\u00bb][et_pb_column type=\u00bb1_2&#8243; _builder_version=\u00bb4.25.2&#8243; _module_preset=\u00bbdefault\u00bb global_colors_info=\u00bb{}\u00bb][et_pb_video src=\u00bbhttps:\/\/www.paragonfilms.com\/wp-content\/uploads\/Paragon-Films-Mexico.mp4&#8243; image_src=\u00bbhttps:\/\/www.paragonfilms.com\/wp-content\/uploads\/paragon-overlay.png\u00bb _builder_version=\u00bb4.25.2&#8243; _module_preset=\u00bbdefault\u00bb global_colors_info=\u00bb{}\u00bb][\/et_pb_video][\/et_pb_column][et_pb_column type=\u00bb1_2&#8243; _builder_version=\u00bb4.25.2&#8243; _module_preset=\u00bbdefault\u00bb global_colors_info=\u00bb{}\u00bb][et_pb_text admin_label=\u00bbCEO Darin Tang\u00bb _builder_version=\u00bb4.25.2&#8243; text_text_color=\u00bb#FFFFFF\u00bb header_font=\u00bb|600|||||||\u00bb global_colors_info=\u00bb{}\u00bb]<\/p>\n<p>\u201cSomos \u00fanicos en nuestra industria porque fabricamos stretch films de ultra alto desempe\u00f1o y alto desempe\u00f1o en calibres delgados, y lo logramos mediante la compra de la mejor resina, el uso de la mejor tecnolog\u00eda en resinas y contando con el mejor talento de la industria para producirlos.\u201d <br \/>\u2013 Darin Tang, CEO<\/p>\n<p>Ve nuestro v\u00eddeo para obtener m\u00e1s informaci\u00f3n sobre Paragon Films, nuestra gente, nuestra cultura y nuestro enfoque en la sustentabilidad.<\/p>\n<p>[\/et_pb_text][\/et_pb_column][\/et_pb_row][\/et_pb_section][et_pb_section fb_built=\u00bb1&#8243; disabled_on=\u00bboff|on|on\u00bb admin_label=\u00bbVideo section &#8211; MOBILE\u00bb module_id=\u00bbparagon-video\u00bb _builder_version=\u00bb4.25.2&#8243; background_color=\u00bb#000000&#8243; background_enable_image=\u00bboff\u00bb background_position=\u00bbcenter_left\u00bb global_colors_info=\u00bb{}\u00bb][et_pb_row admin_label=\u00bbVIDEO &#8211; CEO M\u00d3VIL\u00bb _builder_version=\u00bb4.25.2&#8243; _module_preset=\u00bbdefault\u00bb background_enable_video_mp4=\u00bboff\u00bb global_colors_info=\u00bb{}\u00bb][et_pb_column type=\u00bb4_4&#8243; _builder_version=\u00bb4.25.2&#8243; _module_preset=\u00bbdefault\u00bb global_colors_info=\u00bb{}\u00bb][et_pb_text admin_label=\u00bbCEO Darin Tang\u00bb _builder_version=\u00bb4.25.2&#8243; text_text_color=\u00bb#FFFFFF\u00bb header_font=\u00bb|600|||||||\u00bb background_color=\u00bb#000000&#8243; global_colors_info=\u00bb{}\u00bb]<\/p>\n<p>\u201cSomos \u00fanicos en nuestra industria porque fabricamos stretch films de ultra alto desempe\u00f1o y alto desempe\u00f1o en calibres delgados, y lo logramos mediante la compra de la mejor resina, el uso de la mejor tecnolog\u00eda en resinas y contando con el mejor talento de la industria para producirlos.\u201d<br \/>\u2013 Darin Tang, CEO<\/p>\n<p>Ve nuestro v\u00eddeo para obtener m\u00e1s informaci\u00f3n sobre Paragon Films, nuestra gente, nuestra cultura y nuestro enfoque en la sustentabilidad.<\/p>\n<p>[\/et_pb_text][et_pb_video src=\u00bbhttps:\/\/www.paragonfilms.com\/wp-content\/uploads\/Paragon-Films-Mexico.mp4&#8243; image_src=\u00bbhttps:\/\/www.paragonfilms.com\/wp-content\/uploads\/paragon-overlay.png\u00bb _builder_version=\u00bb4.25.2&#8243; _module_preset=\u00bbdefault\u00bb global_colors_info=\u00bb{}\u00bb][\/et_pb_video][\/et_pb_column][\/et_pb_row][\/et_pb_section][et_pb_section fb_built=\u00bb1&#8243; disabled_on=\u00bbon|off|off\u00bb admin_label=\u00bbHistory &#8211; desktop\u00bb module_id=\u00bbhistoria\u00bb _builder_version=\u00bb4.25.2&#8243; background_image=\u00bbhttps:\/\/www.paragonfilms.com\/wp-content\/uploads\/2019\/03\/wwa-s4.jpg\u00bb global_colors_info=\u00bb{}\u00bb][et_pb_row column_structure=\u00bb1_2,1_2&#8243; _builder_version=\u00bb4.25.2&#8243; background_image=\u00bbhttps:\/\/www.paragonfilms.com\/wp-content\/uploads\/wwa-s4-background.jpeg\u00bb background_enable_video_mp4=\u00bboff\u00bb global_colors_info=\u00bb{}\u00bb][et_pb_column type=\u00bb1_2&#8243; _builder_version=\u00bb4.16&#8243; custom_padding=\u00bb|||\u00bb global_colors_info=\u00bb{}\u00bb custom_padding__hover=\u00bb|||\u00bb][et_pb_text disabled_on=\u00bbon|on|off\u00bb _builder_version=\u00bb4.25.2&#8243; text_font=\u00bb|700|||||||\u00bb text_text_color=\u00bb#ffffff\u00bb text_font_size=\u00bb50px\u00bb text_line_height=\u00bb1.3em\u00bb header_font=\u00bb||||||||\u00bb header_text_align=\u00bbleft\u00bb header_text_color=\u00bb#ffffff\u00bb header_font_size=\u00bb60px\u00bb header_line_height=\u00bb1.3em\u00bb global_colors_info=\u00bb{}\u00bb]<\/p>\n<h1>Paragon Films tiene una tradici\u00f3n de m\u00e1s de 35 a\u00f1os fabricando el mejor film estirable del sector.<\/h1>\n<p>[\/et_pb_text][\/et_pb_column][et_pb_column type=\u00bb1_2&#8243; _builder_version=\u00bb4.16&#8243; custom_padding=\u00bb|||\u00bb global_colors_info=\u00bb{}\u00bb custom_padding__hover=\u00bb|||\u00bb][et_pb_text _builder_version=\u00bb4.25.2&#8243; header_font=\u00bb|600|||||||\u00bb global_colors_info=\u00bb{}\u00bb]<\/p>\n<h2>Nuestra historia<\/h2>\n<p>Paragon Films fue fundada en 1988 en Tulsa, Oklahoma, por el pionero de la industria Mike Baab, con la visi\u00f3n de combinar tecnolog\u00eda de vanguardia con una fuerza laboral altamente calificada para producir una l\u00ednea de productos de stretch film inigualables en desempe\u00f1o, valor y calidad.<\/p>\n<p>Con el compromiso de Paragon con equipos de \u00faltima generaci\u00f3n y una amplia gama de nuevos productos innovadores que contribuyeron significativamente a su crecimiento, en 2005 se inaugur\u00f3 una segunda planta en Taylorsville, Carolina del Norte, y posteriormente una tercera ubicaci\u00f3n en Union Gap, Washington, en 2013.<\/p>\n<p>A lo largo de su historia, Paragon ha respondido a los retos y oportunidades con una innovaci\u00f3n incansable, una creatividad audaz y una pasi\u00f3n emprendedora. Nuestra probada capacidad y nuestras filosof\u00edas han alimentado durante mucho tiempo nuestra competitividad y nuestro crecimiento. <\/p>\n<p>[\/et_pb_text][\/et_pb_column][\/et_pb_row][\/et_pb_section][et_pb_section fb_built=\u00bb1&#8243; disabled_on=\u00bboff|on|on\u00bb admin_label=\u00bbHistory &#8211; mobile\u00bb module_id=\u00bbhistoria\u00bb _builder_version=\u00bb4.25.2&#8243; background_enable_image=\u00bboff\u00bb global_colors_info=\u00bb{}\u00bb][et_pb_row _builder_version=\u00bb4.25.2&#8243; background_enable_video_mp4=\u00bboff\u00bb global_colors_info=\u00bb{}\u00bb][et_pb_column type=\u00bb4_4&#8243; _builder_version=\u00bb4.16&#8243; custom_padding=\u00bb|||\u00bb global_colors_info=\u00bb{}\u00bb custom_padding__hover=\u00bb|||\u00bb][et_pb_text _builder_version=\u00bb4.25.2&#8243; header_font=\u00bb|600|||||||\u00bb global_colors_info=\u00bb{}\u00bb]<\/p>\n<h2>Nuestra historia<\/h2>\n<p>Paragon Films fue fundada en 1988 en Tulsa, Oklahoma, por el pionero de la industria Mike Baab, con la visi\u00f3n de combinar tecnolog\u00eda de vanguardia con una fuerza laboral altamente calificada para producir una l\u00ednea de productos de stretch film inigualables en desempe\u00f1o, valor y calidad.<\/p>\n<p>Con el compromiso de Paragon con equipos de \u00faltima generaci\u00f3n y una amplia gama de nuevos productos innovadores que contribuyeron significativamente a su crecimiento, en 2005 se inaugur\u00f3 una segunda planta en Taylorsville, Carolina del Norte, y posteriormente una tercera ubicaci\u00f3n en Union Gap, Washington, en 2013.<\/p>\n<p>A lo largo de su historia, Paragon ha respondido a los retos y oportunidades con una innovaci\u00f3n incansable, una creatividad audaz y una pasi\u00f3n emprendedora. Nuestra probada capacidad y nuestras filosof\u00edas han alimentado durante mucho tiempo nuestra competitividad y nuestro crecimiento. <\/p>\n<p>[\/et_pb_text][\/et_pb_column][\/et_pb_row][\/et_pb_section][et_pb_section fb_built=\u00bb1&#8243; disabled_on=\u00bbon|on|on\u00bb _builder_version=\u00bb4.25.2&#8243; _module_preset=\u00bbdefault\u00bb disabled=\u00bbon\u00bb global_colors_info=\u00bb{}\u00bb][et_pb_row _builder_version=\u00bb4.25.2&#8243; _module_preset=\u00bbdefault\u00bb global_colors_info=\u00bb{}\u00bb][et_pb_column type=\u00bb4_4&#8243; _builder_version=\u00bb4.25.2&#8243; _module_preset=\u00bbdefault\u00bb global_colors_info=\u00bb{}\u00bb][et_pb_video src=\u00bbhttps:\/\/www.paragonfilms.com\/wp-content\/uploads\/Paragon-Films-Mexico.mp4&#8243; _builder_version=\u00bb4.25.2&#8243; _module_preset=\u00bbdefault\u00bb global_colors_info=\u00bb{}\u00bb][\/et_pb_video][\/et_pb_column][\/et_pb_row][\/et_pb_section][et_pb_section fb_built=\u00bb1&#8243; disabled_on=\u00bbon|on|on\u00bb _builder_version=\u00bb4.25.2&#8243; _module_preset=\u00bbdefault\u00bb disabled=\u00bbon\u00bb global_colors_info=\u00bb{}\u00bb][et_pb_row _builder_version=\u00bb4.25.2&#8243; _module_preset=\u00bbdefault\u00bb global_colors_info=\u00bb{}\u00bb][et_pb_column type=\u00bb4_4&#8243; _builder_version=\u00bb4.25.2&#8243; _module_preset=\u00bbdefault\u00bb global_colors_info=\u00bb{}\u00bb][et_pb_video src=\u00bbhttps:\/\/www.paragonfilms.com\/wp-content\/uploads\/Paragon-Films-Mexico-1.mp4&#8243; _builder_version=\u00bb4.25.2&#8243; _module_preset=\u00bbdefault\u00bb global_colors_info=\u00bb{}\u00bb][\/et_pb_video][\/et_pb_column][\/et_pb_row][\/et_pb_section]<\/p>\n","protected":false},"excerpt":{"rendered":"<p>Qui\u00e9nes somos En Paragon Films, nos ilusiona ir a trabajar cada d\u00eda porque nos apasiona crear la mejor pel\u00edcula estirable del sector. Creemos en dar a cada uno de nuestros empleados voz y libertad para explorar ideas creativas, y la innovaci\u00f3n prospera como resultado. Canalizamos este ingenio en cada faceta de nuestra empresa y lo [&hellip;]<\/p>\n","protected":false},"author":1,"featured_media":0,"parent":0,"menu_order":0,"comment_status":"closed","ping_status":"closed","template":"","meta":{"_et_pb_use_builder":"on","_et_pb_old_content":"","_et_gb_content_width":"","content-type":"","footnotes":""},"class_list":["post-230662","page","type-page","status-publish","hentry"],"yoast_head":"<!-- This site is optimized with the Yoast SEO plugin v26.9 - https:\/\/yoast.com\/product\/yoast-seo-wordpress\/ -->\n<title>Qui\u00e9nes somos - Paragon Films<\/title>\n<meta name=\"robots\" content=\"index, follow, max-snippet:-1, max-image-preview:large, max-video-preview:-1\" \/>\n<link rel=\"canonical\" href=\"https:\/\/www.paragonfilms.com\/es\/quienes-somos\/\" \/>\n<meta property=\"og:locale\" content=\"es_ES\" \/>\n<meta property=\"og:type\" content=\"article\" \/>\n<meta property=\"og:title\" content=\"Qui\u00e9nes somos - Paragon Films\" \/>\n<meta property=\"og:description\" content=\"Qui\u00e9nes somos En Paragon Films, nos ilusiona ir a trabajar cada d\u00eda porque nos apasiona crear la mejor pel\u00edcula estirable del sector. Creemos en dar a cada uno de nuestros empleados voz y libertad para explorar ideas creativas, y la innovaci\u00f3n prospera como resultado. Canalizamos este ingenio en cada faceta de nuestra empresa y lo [&hellip;]\" \/>\n<meta property=\"og:url\" content=\"https:\/\/www.paragonfilms.com\/es\/quienes-somos\/\" \/>\n<meta property=\"og:site_name\" content=\"Paragon Films\" \/>\n<meta property=\"article:modified_time\" content=\"2026-03-10T18:24:58+00:00\" \/>\n<meta name=\"twitter:card\" content=\"summary_large_image\" \/>\n<meta name=\"twitter:label1\" content=\"Tiempo de lectura\" \/>\n\t<meta name=\"twitter:data1\" content=\"3 minutos\" \/>\n<script type=\"application\/ld+json\" class=\"yoast-schema-graph\">{\"@context\":\"https:\/\/schema.org\",\"@graph\":[{\"@type\":\"WebPage\",\"@id\":\"https:\/\/www.paragonfilms.com\/es\/quienes-somos\/\",\"url\":\"https:\/\/www.paragonfilms.com\/es\/quienes-somos\/\",\"name\":\"Qui\u00e9nes somos - Paragon Films\",\"isPartOf\":{\"@id\":\"https:\/\/www.paragonfilms.com\/es\/#website\"},\"datePublished\":\"2019-03-20T09:10:58+00:00\",\"dateModified\":\"2026-03-10T18:24:58+00:00\",\"breadcrumb\":{\"@id\":\"https:\/\/www.paragonfilms.com\/es\/quienes-somos\/#breadcrumb\"},\"inLanguage\":\"es\",\"potentialAction\":[{\"@type\":\"ReadAction\",\"target\":[\"https:\/\/www.paragonfilms.com\/es\/quienes-somos\/\"]}]},{\"@type\":\"BreadcrumbList\",\"@id\":\"https:\/\/www.paragonfilms.com\/es\/quienes-somos\/#breadcrumb\",\"itemListElement\":[{\"@type\":\"ListItem\",\"position\":1,\"name\":\"Home\",\"item\":\"https:\/\/www.paragonfilms.com\/es\/\"},{\"@type\":\"ListItem\",\"position\":2,\"name\":\"Qui\u00e9nes somos\"}]},{\"@type\":\"WebSite\",\"@id\":\"https:\/\/www.paragonfilms.com\/es\/#website\",\"url\":\"https:\/\/www.paragonfilms.com\/es\/\",\"name\":\"Paragon Films\",\"description\":\"Destination Secured.\",\"potentialAction\":[{\"@type\":\"SearchAction\",\"target\":{\"@type\":\"EntryPoint\",\"urlTemplate\":\"https:\/\/www.paragonfilms.com\/es\/?s={search_term_string}\"},\"query-input\":{\"@type\":\"PropertyValueSpecification\",\"valueRequired\":true,\"valueName\":\"search_term_string\"}}],\"inLanguage\":\"es\"}]}<\/script>\n<!-- \/ Yoast SEO plugin. -->","yoast_head_json":{"title":"Qui\u00e9nes somos - Paragon Films","robots":{"index":"index","follow":"follow","max-snippet":"max-snippet:-1","max-image-preview":"max-image-preview:large","max-video-preview":"max-video-preview:-1"},"canonical":"https:\/\/www.paragonfilms.com\/es\/quienes-somos\/","og_locale":"es_ES","og_type":"article","og_title":"Qui\u00e9nes somos - Paragon Films","og_description":"Qui\u00e9nes somos En Paragon Films, nos ilusiona ir a trabajar cada d\u00eda porque nos apasiona crear la mejor pel\u00edcula estirable del sector. Creemos en dar a cada uno de nuestros empleados voz y libertad para explorar ideas creativas, y la innovaci\u00f3n prospera como resultado. Canalizamos este ingenio en cada faceta de nuestra empresa y lo [&hellip;]","og_url":"https:\/\/www.paragonfilms.com\/es\/quienes-somos\/","og_site_name":"Paragon Films","article_modified_time":"2026-03-10T18:24:58+00:00","twitter_card":"summary_large_image","twitter_misc":{"Tiempo de lectura":"3 minutos"},"schema":{"@context":"https:\/\/schema.org","@graph":[{"@type":"WebPage","@id":"https:\/\/www.paragonfilms.com\/es\/quienes-somos\/","url":"https:\/\/www.paragonfilms.com\/es\/quienes-somos\/","name":"Qui\u00e9nes somos - Paragon Films","isPartOf":{"@id":"https:\/\/www.paragonfilms.com\/es\/#website"},"datePublished":"2019-03-20T09:10:58+00:00","dateModified":"2026-03-10T18:24:58+00:00","breadcrumb":{"@id":"https:\/\/www.paragonfilms.com\/es\/quienes-somos\/#breadcrumb"},"inLanguage":"es","potentialAction":[{"@type":"ReadAction","target":["https:\/\/www.paragonfilms.com\/es\/quienes-somos\/"]}]},{"@type":"BreadcrumbList","@id":"https:\/\/www.paragonfilms.com\/es\/quienes-somos\/#breadcrumb","itemListElement":[{"@type":"ListItem","position":1,"name":"Home","item":"https:\/\/www.paragonfilms.com\/es\/"},{"@type":"ListItem","position":2,"name":"Qui\u00e9nes somos"}]},{"@type":"WebSite","@id":"https:\/\/www.paragonfilms.com\/es\/#website","url":"https:\/\/www.paragonfilms.com\/es\/","name":"Paragon Films","description":"Destination Secured.","potentialAction":[{"@type":"SearchAction","target":{"@type":"EntryPoint","urlTemplate":"https:\/\/www.paragonfilms.com\/es\/?s={search_term_string}"},"query-input":{"@type":"PropertyValueSpecification","valueRequired":true,"valueName":"search_term_string"}}],"inLanguage":"es"}]}},"_links":{"self":[{"href":"https:\/\/www.paragonfilms.com\/es\/wp-json\/wp\/v2\/pages\/230662","targetHints":{"allow":["GET"]}}],"collection":[{"href":"https:\/\/www.paragonfilms.com\/es\/wp-json\/wp\/v2\/pages"}],"about":[{"href":"https:\/\/www.paragonfilms.com\/es\/wp-json\/wp\/v2\/types\/page"}],"author":[{"embeddable":true,"href":"https:\/\/www.paragonfilms.com\/es\/wp-json\/wp\/v2\/users\/1"}],"replies":[{"embeddable":true,"href":"https:\/\/www.paragonfilms.com\/es\/wp-json\/wp\/v2\/comments?post=230662"}],"version-history":[{"count":0,"href":"https:\/\/www.paragonfilms.com\/es\/wp-json\/wp\/v2\/pages\/230662\/revisions"}],"wp:attachment":[{"href":"https:\/\/www.paragonfilms.com\/es\/wp-json\/wp\/v2\/media?parent=230662"}],"curies":[{"name":"wp","href":"https:\/\/api.w.org\/{rel}","templated":true}]}}