{"id":230718,"date":"2025-10-29T13:58:42","date_gmt":"2025-10-29T18:58:42","guid":{"rendered":"https:\/\/paragonfilmstg.wpenginepowered.com\/noticias-de-paragon\/"},"modified":"2026-02-06T15:49:38","modified_gmt":"2026-02-06T21:49:38","slug":"noticias-de-paragon","status":"publish","type":"page","link":"https:\/\/www.paragonfilms.com\/es\/noticias-de-paragon\/","title":{"rendered":"Noticias de Paragon"},"content":{"rendered":"<p>[et_pb_section fb_built=\u00bb1&#8243; _builder_version=\u00bb4.25.2&#8243; _module_preset=\u00bbdefault\u00bb global_colors_info=\u00bb{}\u00bb][et_pb_row column_structure=\u00bb2_3,1_3&#8243; _builder_version=\u00bb4.25.2&#8243; _module_preset=\u00bbdefault\u00bb background_enable_video_mp4=\u00bboff\u00bb global_colors_info=\u00bb{}\u00bb][et_pb_column type=\u00bb2_3&#8243; _builder_version=\u00bb4.25.2&#8243; _module_preset=\u00bbdefault\u00bb global_colors_info=\u00bb{}\u00bb][et_pb_blog include_categories=\u00bb14,13,12,10&#8243; show_more=\u00bbon\u00bb _builder_version=\u00bb4.25.2&#8243; _module_preset=\u00bbdefault\u00bb global_colors_info=\u00bb{}\u00bb][\/et_pb_blog][\/et_pb_column][et_pb_column type=\u00bb1_3&#8243; _builder_version=\u00bb4.25.2&#8243; _module_preset=\u00bbdefault\u00bb global_colors_info=\u00bb{}\u00bb][et_pb_search _builder_version=\u00bb4.25.2&#8243; _module_preset=\u00bbdefault\u00bb global_colors_info=\u00bb{}\u00bb][\/et_pb_search][et_pb_text _builder_version=\u00bb4.25.2&#8243; _module_preset=\u00bbdefault\u00bb global_colors_info=\u00bb{}\u00bb]<\/p>\n<h2>Entradas recientes<\/h2>\n<p><ul class=\"lcp_catlist\" id=\"lcp_instance_0\"><li><a href=\"https:\/\/www.paragonfilms.com\/es\/paragon-films-recibe-una-mencion-de-honor-por-liderazgo-en-reciclaje-de-apr\/\">Paragon Films recibe una menci\u00f3n de honor por liderazgo en reciclaje de APR<\/a><\/li><li><a href=\"https:\/\/www.paragonfilms.com\/es\/paragon-films-avanza-en-su-compromiso-con-la-sostenibilidad-con-un-nuevo-lema-sostenibilidad-sin-sacrificio\/\">Paragon Films Avanza en su Compromiso con la Sustenibilidad con un Nuevo Lema: Sustenibilidad Sin Sacrificios\u2122<\/a><\/li><li><a href=\"https:\/\/www.paragonfilms.com\/es\/paragon-films-anuncia-su-expansion-en-mexico-y-su-asociacion-con-windmoller-holscher\/\">Paragon Films anuncia su expansi\u00f3n en M\u00e9xico y su asociaci\u00f3n con Windm\u00f6ller &amp; H\u00f6lscher<\/a><\/li><li><a href=\"https:\/\/www.paragonfilms.com\/es\/paragon-films-celebra-la-ceremonia-de-inauguracion-de-la-ampliacion-de-las-instalaciones-de-carolina-del-norte\/\">Paragon Films celebra la ceremonia de inauguraci\u00f3n de la ampliaci\u00f3n de las instalaciones de Carolina del Norte<\/a><\/li><li><a href=\"https:\/\/www.paragonfilms.com\/es\/rhone-anuncia-la-adquisicion-de-paragon-films-inc\/\">Rh\u00f4ne anuncia la adquisici\u00f3n de Paragon Films, Inc.<\/a><\/li><\/ul>[\/et_pb_text][\/et_pb_column][\/et_pb_row][\/et_pb_section]<\/p>\n","protected":false},"excerpt":{"rendered":"<p>Entradas recientes <ul class=\"lcp_catlist\" id=\"lcp_instance_0\"><li><a href=\"https:\/\/www.paragonfilms.com\/es\/paragon-films-recibe-una-mencion-de-honor-por-liderazgo-en-reciclaje-de-apr\/\">Paragon Films recibe una menci\u00f3n de honor por liderazgo en reciclaje de APR<\/a><\/li><li><a href=\"https:\/\/www.paragonfilms.com\/es\/paragon-films-avanza-en-su-compromiso-con-la-sostenibilidad-con-un-nuevo-lema-sostenibilidad-sin-sacrificio\/\">Paragon Films Avanza en su Compromiso con la Sustenibilidad con un Nuevo Lema: Sustenibilidad Sin Sacrificios\u2122<\/a><\/li><li><a href=\"https:\/\/www.paragonfilms.com\/es\/paragon-films-anuncia-su-expansion-en-mexico-y-su-asociacion-con-windmoller-holscher\/\">Paragon Films anuncia su expansi\u00f3n en M\u00e9xico y su asociaci\u00f3n con Windm\u00f6ller &amp; H\u00f6lscher<\/a><\/li><li><a href=\"https:\/\/www.paragonfilms.com\/es\/paragon-films-celebra-la-ceremonia-de-inauguracion-de-la-ampliacion-de-las-instalaciones-de-carolina-del-norte\/\">Paragon Films celebra la ceremonia de inauguraci\u00f3n de la ampliaci\u00f3n de las instalaciones de Carolina del Norte<\/a><\/li><li><a href=\"https:\/\/www.paragonfilms.com\/es\/rhone-anuncia-la-adquisicion-de-paragon-films-inc\/\">Rh\u00f4ne anuncia la adquisici\u00f3n de Paragon Films, Inc.<\/a><\/li><\/ul><\/p>\n","protected":false},"author":9,"featured_media":0,"parent":0,"menu_order":0,"comment_status":"closed","ping_status":"closed","template":"","meta":{"_et_pb_use_builder":"on","_et_pb_old_content":"","_et_gb_content_width":"","content-type":"","footnotes":""},"class_list":["post-230718","page","type-page","status-publish","hentry"],"yoast_head":"<!-- This site is optimized with the Yoast SEO plugin v26.9 - https:\/\/yoast.com\/product\/yoast-seo-wordpress\/ -->\n<title>Noticias de Paragon - Paragon Films<\/title>\n<meta name=\"robots\" content=\"index, follow, max-snippet:-1, max-image-preview:large, max-video-preview:-1\" \/>\n<link rel=\"canonical\" href=\"https:\/\/www.paragonfilms.com\/es\/noticias-de-paragon\/\" \/>\n<meta property=\"og:locale\" content=\"es_ES\" \/>\n<meta property=\"og:type\" content=\"article\" \/>\n<meta property=\"og:title\" content=\"Noticias de Paragon - Paragon Films\" \/>\n<meta property=\"og:description\" content=\"Entradas recientes\" \/>\n<meta property=\"og:url\" content=\"https:\/\/www.paragonfilms.com\/es\/noticias-de-paragon\/\" \/>\n<meta property=\"og:site_name\" content=\"Paragon Films\" \/>\n<meta property=\"article:modified_time\" content=\"2026-02-06T21:49:38+00:00\" \/>\n<meta name=\"twitter:card\" content=\"summary_large_image\" \/>\n<meta name=\"twitter:label1\" content=\"Tiempo de lectura\" \/>\n\t<meta name=\"twitter:data1\" content=\"2 minutos\" \/>\n<script type=\"application\/ld+json\" class=\"yoast-schema-graph\">{\"@context\":\"https:\/\/schema.org\",\"@graph\":[{\"@type\":\"WebPage\",\"@id\":\"https:\/\/www.paragonfilms.com\/es\/noticias-de-paragon\/\",\"url\":\"https:\/\/www.paragonfilms.com\/es\/noticias-de-paragon\/\",\"name\":\"Noticias de Paragon - Paragon Films\",\"isPartOf\":{\"@id\":\"https:\/\/www.paragonfilms.com\/es\/#website\"},\"datePublished\":\"2025-10-29T18:58:42+00:00\",\"dateModified\":\"2026-02-06T21:49:38+00:00\",\"breadcrumb\":{\"@id\":\"https:\/\/www.paragonfilms.com\/es\/noticias-de-paragon\/#breadcrumb\"},\"inLanguage\":\"es\",\"potentialAction\":[{\"@type\":\"ReadAction\",\"target\":[\"https:\/\/www.paragonfilms.com\/es\/noticias-de-paragon\/\"]}]},{\"@type\":\"BreadcrumbList\",\"@id\":\"https:\/\/www.paragonfilms.com\/es\/noticias-de-paragon\/#breadcrumb\",\"itemListElement\":[{\"@type\":\"ListItem\",\"position\":1,\"name\":\"Home\",\"item\":\"https:\/\/www.paragonfilms.com\/es\/\"},{\"@type\":\"ListItem\",\"position\":2,\"name\":\"Noticias de Paragon\"}]},{\"@type\":\"WebSite\",\"@id\":\"https:\/\/www.paragonfilms.com\/es\/#website\",\"url\":\"https:\/\/www.paragonfilms.com\/es\/\",\"name\":\"Paragon Films\",\"description\":\"Destination Secured.\",\"potentialAction\":[{\"@type\":\"SearchAction\",\"target\":{\"@type\":\"EntryPoint\",\"urlTemplate\":\"https:\/\/www.paragonfilms.com\/es\/?s={search_term_string}\"},\"query-input\":{\"@type\":\"PropertyValueSpecification\",\"valueRequired\":true,\"valueName\":\"search_term_string\"}}],\"inLanguage\":\"es\"}]}<\/script>\n<!-- \/ Yoast SEO plugin. -->","yoast_head_json":{"title":"Noticias de Paragon - Paragon Films","robots":{"index":"index","follow":"follow","max-snippet":"max-snippet:-1","max-image-preview":"max-image-preview:large","max-video-preview":"max-video-preview:-1"},"canonical":"https:\/\/www.paragonfilms.com\/es\/noticias-de-paragon\/","og_locale":"es_ES","og_type":"article","og_title":"Noticias de Paragon - Paragon Films","og_description":"Entradas recientes","og_url":"https:\/\/www.paragonfilms.com\/es\/noticias-de-paragon\/","og_site_name":"Paragon Films","article_modified_time":"2026-02-06T21:49:38+00:00","twitter_card":"summary_large_image","twitter_misc":{"Tiempo de lectura":"2 minutos"},"schema":{"@context":"https:\/\/schema.org","@graph":[{"@type":"WebPage","@id":"https:\/\/www.paragonfilms.com\/es\/noticias-de-paragon\/","url":"https:\/\/www.paragonfilms.com\/es\/noticias-de-paragon\/","name":"Noticias de Paragon - Paragon Films","isPartOf":{"@id":"https:\/\/www.paragonfilms.com\/es\/#website"},"datePublished":"2025-10-29T18:58:42+00:00","dateModified":"2026-02-06T21:49:38+00:00","breadcrumb":{"@id":"https:\/\/www.paragonfilms.com\/es\/noticias-de-paragon\/#breadcrumb"},"inLanguage":"es","potentialAction":[{"@type":"ReadAction","target":["https:\/\/www.paragonfilms.com\/es\/noticias-de-paragon\/"]}]},{"@type":"BreadcrumbList","@id":"https:\/\/www.paragonfilms.com\/es\/noticias-de-paragon\/#breadcrumb","itemListElement":[{"@type":"ListItem","position":1,"name":"Home","item":"https:\/\/www.paragonfilms.com\/es\/"},{"@type":"ListItem","position":2,"name":"Noticias de Paragon"}]},{"@type":"WebSite","@id":"https:\/\/www.paragonfilms.com\/es\/#website","url":"https:\/\/www.paragonfilms.com\/es\/","name":"Paragon Films","description":"Destination Secured.","potentialAction":[{"@type":"SearchAction","target":{"@type":"EntryPoint","urlTemplate":"https:\/\/www.paragonfilms.com\/es\/?s={search_term_string}"},"query-input":{"@type":"PropertyValueSpecification","valueRequired":true,"valueName":"search_term_string"}}],"inLanguage":"es"}]}},"_links":{"self":[{"href":"https:\/\/www.paragonfilms.com\/es\/wp-json\/wp\/v2\/pages\/230718","targetHints":{"allow":["GET"]}}],"collection":[{"href":"https:\/\/www.paragonfilms.com\/es\/wp-json\/wp\/v2\/pages"}],"about":[{"href":"https:\/\/www.paragonfilms.com\/es\/wp-json\/wp\/v2\/types\/page"}],"author":[{"embeddable":true,"href":"https:\/\/www.paragonfilms.com\/es\/wp-json\/wp\/v2\/users\/9"}],"replies":[{"embeddable":true,"href":"https:\/\/www.paragonfilms.com\/es\/wp-json\/wp\/v2\/comments?post=230718"}],"version-history":[{"count":0,"href":"https:\/\/www.paragonfilms.com\/es\/wp-json\/wp\/v2\/pages\/230718\/revisions"}],"wp:attachment":[{"href":"https:\/\/www.paragonfilms.com\/es\/wp-json\/wp\/v2\/media?parent=230718"}],"curies":[{"name":"wp","href":"https:\/\/api.w.org\/{rel}","templated":true}]}}